{"id":1091,"date":"2025-08-10T20:53:14","date_gmt":"2025-08-10T20:53:14","guid":{"rendered":"https:\/\/www.fciigp2025.com\/?page_id=1091"},"modified":"2025-09-02T16:51:36","modified_gmt":"2025-09-02T16:51:36","slug":"equipo-tecnico","status":"publish","type":"page","link":"https:\/\/www.fciigp2025.com\/?page_id=1091&lang=es","title":{"rendered":"Bienvenida"},"content":{"rendered":"\n<p class=\"has-text-align-center has-large-font-size\"><strong>Carta de Bienvenida<\/strong><\/p>\n\n\n\n<p class=\"has-text-align-center has-medium-font-size\"><strong>Campeonato Mundial FCI-IGP 2025 \u2013 Vitoria-Gasteiz (Espa\u00f1a)<\/strong><br><strong>15\u201321 de septiembre de 2025<\/strong><\/p>\n\n\n\n<div style=\"height:31px\" aria-hidden=\"true\" class=\"wp-block-spacer\"><\/div>\n\n\n<div class=\"wp-block-image is-style-rounded\">\n<figure class=\"aligncenter size-medium is-resized\"><img loading=\"lazy\" decoding=\"async\" width=\"1072\" height=\"1072\" src=\"https:\/\/www.fciigp2025.com\/wp-content\/uploads\/2025\/08\/image-1-edited-1.png\" alt=\"\" class=\"wp-image-1233\" style=\"width:366px\" srcset=\"https:\/\/www.fciigp2025.com\/wp-content\/uploads\/2025\/08\/image-1-edited-1.png 1072w, https:\/\/www.fciigp2025.com\/wp-content\/uploads\/2025\/08\/image-1-edited-1-300x300.png 300w, https:\/\/www.fciigp2025.com\/wp-content\/uploads\/2025\/08\/image-1-edited-1-1024x1024.png 1024w, https:\/\/www.fciigp2025.com\/wp-content\/uploads\/2025\/08\/image-1-edited-1-150x150.png 150w, https:\/\/www.fciigp2025.com\/wp-content\/uploads\/2025\/08\/image-1-edited-1-768x768.png 768w\" sizes=\"auto, (max-width: 1072px) 100vw, 1072px\" \/><\/figure>\n<\/div>\n\n\n<div style=\"height:31px\" aria-hidden=\"true\" class=\"wp-block-spacer\"><\/div>\n\n\n\n<p class=\"has-text-align-center\"><strong>Robert Markschl\u00e4ger<\/strong><br>Presidente de la Comisi\u00f3n de Perros de Trabajo de la FCI<\/p>\n\n\n\n<div style=\"height:38px\" aria-hidden=\"true\" class=\"wp-block-spacer\"><\/div>\n\n\n<div class=\"wp-block-image is-style-rounded\">\n<figure class=\"alignleft size-large is-resized\"><img loading=\"lazy\" decoding=\"async\" width=\"1024\" height=\"1024\" src=\"https:\/\/www.fciigp2025.com\/wp-content\/uploads\/2024\/11\/image-18-1024x1024.png\" alt=\"\" class=\"wp-image-371\" style=\"object-fit:cover;width:78px;height:auto\" srcset=\"https:\/\/www.fciigp2025.com\/wp-content\/uploads\/2024\/11\/image-18-1024x1024.png 1024w, https:\/\/www.fciigp2025.com\/wp-content\/uploads\/2024\/11\/image-18-300x300.png 300w, https:\/\/www.fciigp2025.com\/wp-content\/uploads\/2024\/11\/image-18-150x150.png 150w, https:\/\/www.fciigp2025.com\/wp-content\/uploads\/2024\/11\/image-18-768x768.png 768w, https:\/\/www.fciigp2025.com\/wp-content\/uploads\/2024\/11\/image-18-1536x1536.png 1536w, https:\/\/www.fciigp2025.com\/wp-content\/uploads\/2024\/11\/image-18-2048x2048.png 2048w\" sizes=\"auto, (max-width: 1024px) 100vw, 1024px\" \/><\/figure>\n<\/div>\n\n\n<p><\/p>\n\n\n\n<p><em>Estimado\/a se\u00f1or\/a, estimados\/as gu\u00edas caninos y amigos del deporte de los perros de trabajo:<\/em><\/p>\n\n\n\n<p><em>Es un gran placer para m\u00ed que visitemos Espa\u00f1a por primera vez con nuestro Campeonato Mundial de Perros de Utilidad. Organizar este campeonato mundial, que es el evento m\u00e1s importante del mundo en el deporte de los perros de utilidad, representa un gran desaf\u00edo. Contamos con un equipo muy comprometido en Espa\u00f1a que ya ha dedicado mucho esfuerzo a la preparaci\u00f3n. Estoy convencido de que tendremos un campeonato mundial muy bien organizado.<\/em><\/p>\n\n\n\n<p><em>Adem\u00e1s de la competici\u00f3n deportiva, este evento ofrece la oportunidad de un intercambio internacional de experiencias, el fortalecimiento de amistades y la formaci\u00f3n de nuevos lazos entre personas con intereses similares.<\/em><\/p>\n\n\n\n<p><em>Junto a las actividades deportivas, tambi\u00e9n deber\u00eda haber tiempo para visitar los lugares de inter\u00e9s de la ciudad y sus alrededores. Espa\u00f1a tiene mucho que ofrecer. Aprovechen estos d\u00edas para disfrutar de la belleza de la regi\u00f3n.<\/em><\/p>\n\n\n\n<p><em>El deporte de los perros de utilidad es una actividad ideal para nuestras razas de perros de trabajo. \u00a1Los perros necesitan actividades adecuadas a su especie! Solo los perros ocupados pueden ser perros felices. Debido a la variedad de estas pruebas \u2014trabajo de olfato, armon\u00eda entre el perro y el gu\u00eda, y control en un comportamiento de alta motivaci\u00f3n\u2014, se requieren grandes exigencias tanto en la disposici\u00f3n de los perros como en el entrenamiento por parte de los gu\u00edas. Es la m\u00e1xima disciplina en los deportes caninos.<\/em><\/p>\n\n\n\n<p><em>El deporte de los perros de utilidad enfrenta cr\u00edticas infundadas, especialmente en Europa Central. Sin embargo, este deporte es la base para mantener y seguir mejorando las caracter\u00edsticas de los perros de trabajo. Queremos perros compatibles socialmente, con caracter\u00edsticas de trabajo, que sean adecuados tanto como perros de familia como perros de servicio y rescate.<\/em><\/p>\n\n\n\n<p><em>La preparaci\u00f3n de un campeonato mundial implica un gran esfuerzo y requiere la ayuda de muchos voluntarios. Me gustar\u00eda agradecer a la Asociaci\u00f3n Cinol\u00f3gica Espa\u00f1ola y a todo el equipo por la preparaci\u00f3n y realizaci\u00f3n de este campeonato mundial.<\/em><\/p>\n\n\n\n<p><em>Deseo mucho \u00e9xito a los participantes que se clasificaron para este campeonato mundial en las selecciones nacionales. Estoy convencido de que nuestros jueces experimentados garantizar\u00e1n una competici\u00f3n deportiva justa.<\/em><\/p>\n\n\n\n<p><em>Por lo tanto, les deseo a todos una estancia agradable en Espa\u00f1a, que quedar\u00e1 como un recuerdo grato por mucho tiempo.<\/em><\/p>\n\n\n\n<div style=\"height:49px\" aria-hidden=\"true\" class=\"wp-block-spacer\"><\/div>\n\n\n\n<hr class=\"wp-block-separator has-alpha-channel-opacity is-style-wide\"\/>\n\n\n\n<div style=\"height:49px\" aria-hidden=\"true\" class=\"wp-block-spacer\"><\/div>\n\n\n<div class=\"wp-block-image is-style-rounded\">\n<figure class=\"aligncenter size-large is-resized\"><img loading=\"lazy\" decoding=\"async\" width=\"920\" height=\"920\" src=\"https:\/\/www.fciigp2025.com\/wp-content\/uploads\/2025\/08\/Jose-Miguel-Doval-edited-1.jpeg\" alt=\"\" class=\"wp-image-1095\" style=\"width:366px;height:auto\" srcset=\"https:\/\/www.fciigp2025.com\/wp-content\/uploads\/2025\/08\/Jose-Miguel-Doval-edited-1.jpeg 920w, https:\/\/www.fciigp2025.com\/wp-content\/uploads\/2025\/08\/Jose-Miguel-Doval-edited-1-300x300.jpeg 300w, https:\/\/www.fciigp2025.com\/wp-content\/uploads\/2025\/08\/Jose-Miguel-Doval-edited-1-150x150.jpeg 150w, https:\/\/www.fciigp2025.com\/wp-content\/uploads\/2025\/08\/Jose-Miguel-Doval-edited-1-768x768.jpeg 768w\" sizes=\"auto, (max-width: 920px) 100vw, 920px\" \/><\/figure>\n<\/div>\n\n\n<div style=\"height:23px\" aria-hidden=\"true\" class=\"wp-block-spacer\"><\/div>\n\n\n\n<p class=\"has-text-align-center\"><strong>Jos\u00e9 Miguel Doval S\u00e1nchez<\/strong><br>Presidente<br>Real Sociedad Canina de Espa\u00f1a<br>Miembro del Comit\u00e9 General de la FCI<\/p>\n\n\n\n<div style=\"height:40px\" aria-hidden=\"true\" class=\"wp-block-spacer\"><\/div>\n\n\n\n<p>Estimados participantes, jueces, voluntarios y amigos de la cinofilia deportiva:<\/p>\n\n\n\n<p>En nombre de la Real Sociedad Canina de Espa\u00f1a (RSCE) y del Comit\u00e9 Organizador, me complace daros la m\u00e1s c\u00e1lida bienvenida a Vitoria-Gasteiz con motivo de la celebraci\u00f3n del Campeonato Mundial FCI IGP 2025.<\/p>\n\n\n\n<p>Nos sentimos profundamente honrados de acoger este evento de referencia internacional, que re\u00fane a los mejores binomios del mundo del adiestramiento deportivo. El FCI-IGP no solo pone a prueba la obediencia, la inteligencia y el coraje de nuestros perros, sino que representa una manifestaci\u00f3n de la relaci\u00f3n \u00fanica que une al ser humano con el perro: una relaci\u00f3n basada en la confianza, la constancia, el respeto y la pasi\u00f3n compartida.<\/p>\n\n\n\n<p>Este campeonato no es solo una competici\u00f3n: es una celebraci\u00f3n del futuro de la cinofilia. A trav\u00e9s del deporte canino, contribuimos a la mejora de las razas, al fomento del bienestar animal y al fortalecimiento de una cultura del respeto, el esfuerzo y la excelencia. Vuestra dedicaci\u00f3n es un ejemplo para nuevas generaciones de deportistas caninos y criadores responsables.<\/p>\n\n\n\n<p>Invitamos tambi\u00e9n al p\u00fablico general a acompa\u00f1arnos durante estos d\u00edas, a descubrir de cerca el emocionante trabajo de los mejores binomios del mundo y a comprender c\u00f3mo el deporte canino no solo es espect\u00e1culo y t\u00e9cnica, sino tambi\u00e9n una herramienta esencial para el equilibrio emocional del perro, su socializaci\u00f3n, su salud y su integraci\u00f3n en la sociedad. Esta es una oportunidad \u00fanica para ver en acci\u00f3n el verdadero valor del perro de trabajo.<\/p>\n\n\n\n<p>Queremos expresar nuestro m\u00e1s sincero agradecimiento a todas las personas que lo han hecho posible:<\/p>\n\n\n\n<ul class=\"wp-block-list\">\n<li>A la <strong>Comisi\u00f3n Organizadora<\/strong>, por su esfuerzo incansable y su compromiso con cada detalle.<\/li>\n\n\n\n<li>Al <strong>Equipo t\u00e9cnico<\/strong>, cuyo entusiasmo y entrega son el coraz\u00f3n del campeonato, todos y cada uno de ellos son una parte indispensable.<\/li>\n\n\n\n<li>A los <strong>patrocinadores<\/strong>, por confiar en la importancia de nuestro trabajo y respaldar el desarrollo del deporte canino.<\/li>\n\n\n\n<li>Y, especialmente, al <strong>Ayuntamiento de Vitoria-Gasteiz<\/strong>, a la <strong>Diputaci\u00f3n Foral de \u00c1lava<\/strong> y a <strong>Basque Tour <\/strong>(Agencia vasca de turismo) por su apoyo institucional, su colaboraci\u00f3n y su visi\u00f3n compartida de lo que representa este evento para la ciudad, para la comunidad y para la cinofilia internacional.<\/li>\n<\/ul>\n\n\n\n<p>A todos los equipos, os deseamos una semana inolvidable, llena de emoci\u00f3n, compa\u00f1erismo y logros. Que este campeonato os inspire, os rete y os conecte a\u00fan m\u00e1s con el noble esp\u00edritu del perro de trabajo.<\/p>\n\n\n\n<p>Con los mejores deseos de \u00e9xito y disfrute,<\/p>\n\n\n\n<p><strong>Jos\u00e9 Miguel Doval S\u00e1nchez<\/strong><br>Presidente<br>Real Sociedad Canina de Espa\u00f1a<br>Miembro del Comit\u00e9 General de la FCI<\/p>\n\n\n\n<div style=\"height:49px\" aria-hidden=\"true\" class=\"wp-block-spacer\"><\/div>\n\n\n\n<hr class=\"wp-block-separator has-alpha-channel-opacity is-style-wide\"\/>\n\n\n\n<div style=\"height:49px\" aria-hidden=\"true\" class=\"wp-block-spacer\"><\/div>\n\n\n<div class=\"wp-block-image is-style-rounded\">\n<figure class=\"aligncenter size-full is-resized\"><img loading=\"lazy\" decoding=\"async\" width=\"639\" height=\"639\" src=\"https:\/\/www.fciigp2025.com\/wp-content\/uploads\/2025\/09\/Maider-Etxebarria-edited.jpg\" alt=\"\" class=\"wp-image-1412\" style=\"width:366px\" srcset=\"https:\/\/www.fciigp2025.com\/wp-content\/uploads\/2025\/09\/Maider-Etxebarria-edited.jpg 639w, https:\/\/www.fciigp2025.com\/wp-content\/uploads\/2025\/09\/Maider-Etxebarria-edited-300x300.jpg 300w, https:\/\/www.fciigp2025.com\/wp-content\/uploads\/2025\/09\/Maider-Etxebarria-edited-150x150.jpg 150w\" sizes=\"auto, (max-width: 639px) 100vw, 639px\" \/><\/figure>\n<\/div>\n\n\n<div style=\"height:23px\" aria-hidden=\"true\" class=\"wp-block-spacer\"><\/div>\n\n\n\n<p class=\"has-text-align-center\"><strong>Maider Etxebarria<\/strong><br>Alcaldesa de Vitoria-Gasteiz<\/p>\n\n\n\n<div style=\"height:40px\" aria-hidden=\"true\" class=\"wp-block-spacer\"><\/div>\n\n\n\n<p>Como alcaldesa de Vitoria-Gasteiz, es una satisfacci\u00f3n dar la bienvenida al <strong>Campeonato Mundial FCI IGP 2025<\/strong> que va a tener lugar en las instalaciones municipales de Gamarra.<\/p>\n\n\n\n<p>Durante una semana, Vitoria-Gasteiz ser\u00e1 punto de encuentro de deportistas caninos llegados de todo el mundo. Aqu\u00ed se dar\u00e1n la mano la excelencia, el esfuerzo y la pasi\u00f3n compartida entre personas y perros, valores que representan muy bien el esp\u00edritu de nuestra ciudad.<\/p>\n\n\n\n<p>Vitoria-Gasteiz es reconocida internacionalmente por su compromiso con la sostenibilidad, por su calidad de vida y por el respeto que profesa a los animales. Por eso conf\u00edo en que estos d\u00edas sean mucho m\u00e1s que una competici\u00f3n y se conviertan en una oportunidad para compartir experiencias, estrechar lazos y descubrir una ciudad que ofrece amplios parques y espacios verdes, una rica gastronom\u00eda, historia, tradici\u00f3n y, sobre todo, la hospitalidad de sus vecinos y vecinas.<\/p>\n\n\n\n<p>Gracias a la Real Sociedad Canina de Espa\u00f1a y al Comit\u00e9 Organizador por hacer posible este campeonato. Y a todos los binomios participantes y a sus acompa\u00f1antes, disfrutad de esta Vitoria-Gasteiz abierta y acogedora en la que siempre ser\u00e9is bienvenidos y bienvenidas.<\/p>\n\n\n\n<p><strong>Maider Etxebarria<\/strong><br>Alcaldesa de Vitoria-Gasteiz<\/p>\n","protected":false},"excerpt":{"rendered":"<p>Carta de Bienvenida Campeonato Mundial FCI-IGP 2025 \u2013 Vitoria-Gasteiz (Espa\u00f1a)15\u201321 de septiembre de 2025 Robert Markschl\u00e4gerPresidente de la Comisi\u00f3n de Perros de Trabajo de la FCI Estimado\/a se\u00f1or\/a, estimados\/as gu\u00edas caninos y amigos del deporte de los perros de trabajo: Es un gran placer para m\u00ed que visitemos Espa\u00f1a por primera vez con nuestro Campeonato [&hellip;]<\/p>\n","protected":false},"author":1,"featured_media":360,"parent":0,"menu_order":0,"comment_status":"closed","ping_status":"closed","template":"","meta":{"footnotes":""},"class_list":["post-1091","page","type-page","status-publish","hentry"],"_links":{"self":[{"href":"https:\/\/www.fciigp2025.com\/index.php?rest_route=\/wp\/v2\/pages\/1091","targetHints":{"allow":["GET"]}}],"collection":[{"href":"https:\/\/www.fciigp2025.com\/index.php?rest_route=\/wp\/v2\/pages"}],"about":[{"href":"https:\/\/www.fciigp2025.com\/index.php?rest_route=\/wp\/v2\/types\/page"}],"author":[{"embeddable":true,"href":"https:\/\/www.fciigp2025.com\/index.php?rest_route=\/wp\/v2\/users\/1"}],"replies":[{"embeddable":true,"href":"https:\/\/www.fciigp2025.com\/index.php?rest_route=%2Fwp%2Fv2%2Fcomments&post=1091"}],"version-history":[{"count":11,"href":"https:\/\/www.fciigp2025.com\/index.php?rest_route=\/wp\/v2\/pages\/1091\/revisions"}],"predecessor-version":[{"id":1418,"href":"https:\/\/www.fciigp2025.com\/index.php?rest_route=\/wp\/v2\/pages\/1091\/revisions\/1418"}],"wp:featuredmedia":[{"embeddable":true,"href":"https:\/\/www.fciigp2025.com\/index.php?rest_route=\/wp\/v2\/media\/360"}],"wp:attachment":[{"href":"https:\/\/www.fciigp2025.com\/index.php?rest_route=%2Fwp%2Fv2%2Fmedia&parent=1091"}],"curies":[{"name":"wp","href":"https:\/\/api.w.org\/{rel}","templated":true}]}}