{"id":1452,"date":"2025-09-09T19:15:18","date_gmt":"2025-09-09T19:15:18","guid":{"rendered":"https:\/\/www.fciigp2025.com\/?page_id=1452"},"modified":"2025-09-09T19:15:19","modified_gmt":"2025-09-09T19:15:19","slug":"trofeos","status":"publish","type":"page","link":"https:\/\/www.fciigp2025.com\/?page_id=1452&lang=es","title":{"rendered":"Trofeos"},"content":{"rendered":"\n<p>La organizaci\u00f3n otorgar\u00e1 los siguientes trofeos:<\/p>\n\n\n\n<ul class=\"wp-block-list\">\n<li>\u200bPodio para la clasificaci\u00f3n general<\/li>\n\n\n\n<li>\u200bTrofeo para los 20 mejores competidores<\/li>\n\n\n\n<li>\u200bPodio para la clasificaci\u00f3n por equipos<\/li>\n\n\n\n<li>\u200bPodio por disciplina: Seg\u00fan el reglamento, estos puestos pueden ser compartidos en caso de empate. En tal caso, la organizaci\u00f3n proporcionar\u00e1 al competidor un trofeo id\u00e9ntico al otorgado.<\/li>\n\n\n\n<li>\u200bMejor hembra<\/li>\n\n\n\n<li>\u200bMejor perro joven: El perro m\u00e1s joven en superar las tres disciplinas<\/li>\n\n\n\n<li>\u200bEl \u00faltimo superviviente: El \u00faltimo perro clasificado con las tres disciplinas aprobadas. Porque superar todas las disciplinas en un Campeonato del Mundo debe ser motivo de orgullo.<\/li>\n<\/ul>\n","protected":false},"excerpt":{"rendered":"<p>La organizaci\u00f3n otorgar\u00e1 los siguientes trofeos:<\/p>\n","protected":false},"author":1,"featured_media":161,"parent":0,"menu_order":0,"comment_status":"closed","ping_status":"closed","template":"","meta":{"footnotes":""},"class_list":["post-1452","page","type-page","status-publish","hentry"],"_links":{"self":[{"href":"https:\/\/www.fciigp2025.com\/index.php?rest_route=\/wp\/v2\/pages\/1452","targetHints":{"allow":["GET"]}}],"collection":[{"href":"https:\/\/www.fciigp2025.com\/index.php?rest_route=\/wp\/v2\/pages"}],"about":[{"href":"https:\/\/www.fciigp2025.com\/index.php?rest_route=\/wp\/v2\/types\/page"}],"author":[{"embeddable":true,"href":"https:\/\/www.fciigp2025.com\/index.php?rest_route=\/wp\/v2\/users\/1"}],"replies":[{"embeddable":true,"href":"https:\/\/www.fciigp2025.com\/index.php?rest_route=%2Fwp%2Fv2%2Fcomments&post=1452"}],"version-history":[{"count":1,"href":"https:\/\/www.fciigp2025.com\/index.php?rest_route=\/wp\/v2\/pages\/1452\/revisions"}],"predecessor-version":[{"id":1453,"href":"https:\/\/www.fciigp2025.com\/index.php?rest_route=\/wp\/v2\/pages\/1452\/revisions\/1453"}],"wp:featuredmedia":[{"embeddable":true,"href":"https:\/\/www.fciigp2025.com\/index.php?rest_route=\/wp\/v2\/media\/161"}],"wp:attachment":[{"href":"https:\/\/www.fciigp2025.com\/index.php?rest_route=%2Fwp%2Fv2%2Fmedia&parent=1452"}],"curies":[{"name":"wp","href":"https:\/\/api.w.org\/{rel}","templated":true}]}}