{"id":2,"date":"2024-08-24T15:21:58","date_gmt":"2024-08-24T15:21:58","guid":{"rendered":"https:\/\/fciigp2025.com\/?page_id=2"},"modified":"2025-09-17T14:33:10","modified_gmt":"2025-09-17T14:33:10","slug":"sample-page","status":"publish","type":"page","link":"https:\/\/www.fciigp2025.com\/?page_id=2&lang=es","title":{"rendered":"FCI IGP 2025"},"content":{"rendered":"\n<p class=\"has-text-align-center has-vivid-cyan-blue-color has-text-color has-link-color wp-elements-2aa5baf17e0c0ba33b4ff7cd3c5044d7\"><a href=\"https:\/\/docs.google.com\/spreadsheets\/d\/1QOl-N5xbChjNdX-E-b0o7M5H9pgBu2qtGeZR1QikQV8\/edit?usp=drivesdk\" target=\"_blank\" rel=\"noreferrer noopener\">Clic aqu\u00ed para ver los resultados en vivo<\/a><\/p>\n\n\n\n<p class=\"has-text-align-center has-vivid-cyan-blue-color has-text-color has-link-color wp-elements-1568ba1328a53d4cae09e5f88b6a9dae\"><a href=\"https:\/\/docs.google.com\/spreadsheets\/d\/1ooSdtCEZNX386bTejJGRXHn57_iUxoHEGVTBZAh_vyw\/edit?usp=drivesdk\" target=\"_blank\" rel=\"noreferrer noopener\">Clic aqu\u00ed para ver los horarios<\/a><\/p>\n\n\n<div class=\"wp-block-image\">\n<figure class=\"aligncenter size-full\"><img loading=\"lazy\" decoding=\"async\" width=\"946\" height=\"993\" src=\"https:\/\/www.fciigp2025.com\/wp-content\/uploads\/2024\/12\/Home.png\" alt=\"\" class=\"wp-image-565\" srcset=\"https:\/\/www.fciigp2025.com\/wp-content\/uploads\/2024\/12\/Home.png 946w, https:\/\/www.fciigp2025.com\/wp-content\/uploads\/2024\/12\/Home-286x300.png 286w, https:\/\/www.fciigp2025.com\/wp-content\/uploads\/2024\/12\/Home-768x806.png 768w\" sizes=\"auto, (max-width: 946px) 100vw, 946px\" \/><\/figure>\n<\/div>\n\n\n<div style=\"height:58px\" aria-hidden=\"true\" class=\"wp-block-spacer\"><\/div>\n\n\n\n<h4 class=\"wp-block-heading has-text-align-center has-large-font-size\">\u26a0\ufe0f Perfiles de Facebook fraudulentos \u26a0\ufe0f<\/h4>\n\n\n\n<p class=\"has-text-align-center\"><strong>Aviso importante:<\/strong> Solo existe <strong>una p\u00e1gina oficial<\/strong> para el Campeonato Mundial FCI &#8211; IGP 2025. \u00a1Cualquier otra p\u00e1gina, grupo o perfil que afirme ser oficial es FALSO y un enga\u00f1o!<\/p>\n\n\n\n<p class=\"has-text-align-center\">Sabemos que nuestro contenido est\u00e1 siendo copiado, pero queremos asegurarte que esta p\u00e1gina es tu <strong>\u00fanica garant\u00eda<\/strong> para obtener informaci\u00f3n veraz y al d\u00eda sobre el Campeonato Mundial. Solo aqu\u00ed podr\u00e1s obtener respuestas directas y precisas a todas tus dudas.<\/p>\n\n\n\n<p class=\"has-text-align-center\">Sigue nuestras redes sociales oficiales para estar al d\u00eda de todas las novedades del evento.<\/p>\n\n\n\n<p class=\"has-text-align-center\">L<strong>as \u00fanicas redes sociales oficiales son las que se enlazan desde esta web.<\/strong><\/p>\n\n\n\n<p class=\"has-text-align-center has-vivid-cyan-blue-color has-text-color has-link-color wp-elements-948bb612bbbc40119122668e477cbd44\"><a href=\"https:\/\/www.instagram.com\/fciigp2025\/\" target=\"_blank\" rel=\"noreferrer noopener\">Instagram: @fciigp2025<\/a><\/p>\n\n\n\n<p class=\"has-text-align-center has-vivid-cyan-blue-color has-text-color has-link-color wp-elements-36f859689967b4e0cd3e4ba91718aec1\"><a href=\"https:\/\/www.facebook.com\/people\/Fci-Igp-World-Championship-2025-Vitoria-Gasteiz-Spain\/61568558971474\/\" data-type=\"link\" data-id=\"https:\/\/www.facebook.com\/people\/Fci-Igp-World-Championship-2025-Vitoria-Gasteiz-Spain\/61568558971474\/\" target=\"_blank\" rel=\"noreferrer noopener\">Perfil de Facebook<\/a><\/p>\n\n\n\n<p><\/p>\n","protected":false},"excerpt":{"rendered":"<p>Clic aqu\u00ed para ver los resultados en vivo Clic aqu\u00ed para ver los horarios \u26a0\ufe0f Perfiles de Facebook fraudulentos \u26a0\ufe0f Aviso importante: Solo existe una p\u00e1gina oficial para el Campeonato Mundial FCI &#8211; IGP 2025. \u00a1Cualquier otra p\u00e1gina, grupo o perfil que afirme ser oficial es FALSO y un enga\u00f1o! Sabemos que nuestro contenido est\u00e1 [&hellip;]<\/p>\n","protected":false},"author":1,"featured_media":360,"parent":0,"menu_order":0,"comment_status":"closed","ping_status":"open","template":"","meta":{"footnotes":""},"class_list":["post-2","page","type-page","status-publish","hentry"],"_links":{"self":[{"href":"https:\/\/www.fciigp2025.com\/index.php?rest_route=\/wp\/v2\/pages\/2","targetHints":{"allow":["GET"]}}],"collection":[{"href":"https:\/\/www.fciigp2025.com\/index.php?rest_route=\/wp\/v2\/pages"}],"about":[{"href":"https:\/\/www.fciigp2025.com\/index.php?rest_route=\/wp\/v2\/types\/page"}],"author":[{"embeddable":true,"href":"https:\/\/www.fciigp2025.com\/index.php?rest_route=\/wp\/v2\/users\/1"}],"replies":[{"embeddable":true,"href":"https:\/\/www.fciigp2025.com\/index.php?rest_route=%2Fwp%2Fv2%2Fcomments&post=2"}],"version-history":[{"count":12,"href":"https:\/\/www.fciigp2025.com\/index.php?rest_route=\/wp\/v2\/pages\/2\/revisions"}],"predecessor-version":[{"id":1474,"href":"https:\/\/www.fciigp2025.com\/index.php?rest_route=\/wp\/v2\/pages\/2\/revisions\/1474"}],"wp:featuredmedia":[{"embeddable":true,"href":"https:\/\/www.fciigp2025.com\/index.php?rest_route=\/wp\/v2\/media\/360"}],"wp:attachment":[{"href":"https:\/\/www.fciigp2025.com\/index.php?rest_route=%2Fwp%2Fv2%2Fmedia&parent=2"}],"curies":[{"name":"wp","href":"https:\/\/api.w.org\/{rel}","templated":true}]}}