{"id":412,"date":"2024-12-01T15:35:15","date_gmt":"2024-12-01T15:35:15","guid":{"rendered":"https:\/\/www.fciigp2025.com\/?page_id=412"},"modified":"2024-12-01T19:05:32","modified_gmt":"2024-12-01T19:05:32","slug":"como-llegar-a-vitoria","status":"publish","type":"page","link":"https:\/\/www.fciigp2025.com\/?page_id=412&lang=es","title":{"rendered":"C\u00f3mo llegar"},"content":{"rendered":"\n<p class=\"has-text-align-center has-medium-font-size\">Vitoria \u2013 Gasteiz es la capital de Euskadi, una regi\u00f3n en el norte de Espa\u00f1a. Fue elegida European Green Capital en 2012. Con una poblaci\u00f3n de 255,886 (2023), est\u00e1 situada a 115 km de la frontera con Francia. En septiembre la temperatura media oscila entre 10\u00baC de m\u00ednima y 24\u00baC de m\u00e1xima, lloviendo 6.3 d\u00edas de media durante dicho mes. Las autopistas que conectan la ciudad aseguran su accesibilidad.<\/p>\n\n\n\n<h4 class=\"wp-block-heading has-text-align-center\">Meteorolog\u00eda<\/h4>\n\n\n\n<p class=\"has-text-align-center has-medium-font-size\">A continuaci\u00f3n se muestra el tiempo en Vitoria en 2024:<\/p>\n\n\n<div class=\"wp-block-image\">\n<figure class=\"aligncenter\"><img loading=\"lazy\" decoding=\"async\" width=\"1024\" height=\"347\" src=\"https:\/\/www.fciigp2025.com\/wp-content\/uploads\/2024\/11\/image-1-1024x347.png\" alt=\"\" class=\"wp-image-128\" srcset=\"https:\/\/www.fciigp2025.com\/wp-content\/uploads\/2024\/11\/image-1-1024x347.png 1024w, https:\/\/www.fciigp2025.com\/wp-content\/uploads\/2024\/11\/image-1-300x102.png 300w, https:\/\/www.fciigp2025.com\/wp-content\/uploads\/2024\/11\/image-1-768x260.png 768w, https:\/\/www.fciigp2025.com\/wp-content\/uploads\/2024\/11\/image-1.png 1048w\" sizes=\"auto, (max-width: 1024px) 100vw, 1024px\" \/><\/figure>\n<\/div>\n\n\n<h4 class=\"wp-block-heading has-text-align-center\">C\u00f3mo llegar a Vitoria \u2013 Gasteiz<\/h4>\n\n\n\n<p class=\"has-text-align-center has-medium-font-size\">La ciudad cuenta con su propio aeropuerto internacional.<\/p>\n\n\n\n<p class=\"has-text-align-center has-medium-font-size\"><strong>Distancia a las principales ciudades cercanas<\/strong> (y tiempo de desplazamiento en coche):<\/p>\n\n\n\n<p class=\"has-text-align-center has-medium-font-size\">Bilbao: 75km (55min)<\/p>\n\n\n\n<p class=\"has-text-align-center has-medium-font-size\">Donostia \u2013 San Sebasti\u00e1n 118km: (1h 20min)<\/p>\n\n\n\n<p class=\"has-text-align-center has-medium-font-size\">Biarritz: 145km (1h 35min)<\/p>\n\n\n\n<p class=\"has-text-align-center has-medium-font-size\">Santander: 158km (2h)<\/p>\n\n\n\n<p class=\"has-text-align-center has-medium-font-size\">Madrid: 348km (3h 10min)<\/p>\n\n\n<div class=\"wp-block-image\">\n<figure class=\"aligncenter\"><img loading=\"lazy\" decoding=\"async\" width=\"1608\" height=\"683\" src=\"https:\/\/www.fciigp2025.com\/wp-content\/uploads\/2024\/11\/image-2.png\" alt=\"\" class=\"wp-image-129\" srcset=\"https:\/\/www.fciigp2025.com\/wp-content\/uploads\/2024\/11\/image-2.png 1608w, https:\/\/www.fciigp2025.com\/wp-content\/uploads\/2024\/11\/image-2-300x127.png 300w, https:\/\/www.fciigp2025.com\/wp-content\/uploads\/2024\/11\/image-2-1024x435.png 1024w, https:\/\/www.fciigp2025.com\/wp-content\/uploads\/2024\/11\/image-2-768x326.png 768w, https:\/\/www.fciigp2025.com\/wp-content\/uploads\/2024\/11\/image-2-1536x652.png 1536w\" sizes=\"auto, (max-width: 1608px) 100vw, 1608px\" \/><\/figure>\n<\/div>","protected":false},"excerpt":{"rendered":"<p>Vitoria \u2013 Gasteiz es la capital de Euskadi, una regi\u00f3n en el norte de Espa\u00f1a. Fue elegida European Green Capital en 2012. Con una poblaci\u00f3n de 255,886 (2023), est\u00e1 situada a 115 km de la frontera con Francia. En septiembre la temperatura media oscila entre 10\u00baC de m\u00ednima y 24\u00baC de m\u00e1xima, lloviendo 6.3 d\u00edas [&hellip;]<\/p>\n","protected":false},"author":1,"featured_media":303,"parent":0,"menu_order":0,"comment_status":"closed","ping_status":"closed","template":"","meta":{"footnotes":""},"class_list":["post-412","page","type-page","status-publish","hentry"],"_links":{"self":[{"href":"https:\/\/www.fciigp2025.com\/index.php?rest_route=\/wp\/v2\/pages\/412","targetHints":{"allow":["GET"]}}],"collection":[{"href":"https:\/\/www.fciigp2025.com\/index.php?rest_route=\/wp\/v2\/pages"}],"about":[{"href":"https:\/\/www.fciigp2025.com\/index.php?rest_route=\/wp\/v2\/types\/page"}],"author":[{"embeddable":true,"href":"https:\/\/www.fciigp2025.com\/index.php?rest_route=\/wp\/v2\/users\/1"}],"replies":[{"embeddable":true,"href":"https:\/\/www.fciigp2025.com\/index.php?rest_route=%2Fwp%2Fv2%2Fcomments&post=412"}],"version-history":[{"count":2,"href":"https:\/\/www.fciigp2025.com\/index.php?rest_route=\/wp\/v2\/pages\/412\/revisions"}],"predecessor-version":[{"id":478,"href":"https:\/\/www.fciigp2025.com\/index.php?rest_route=\/wp\/v2\/pages\/412\/revisions\/478"}],"wp:featuredmedia":[{"embeddable":true,"href":"https:\/\/www.fciigp2025.com\/index.php?rest_route=\/wp\/v2\/media\/303"}],"wp:attachment":[{"href":"https:\/\/www.fciigp2025.com\/index.php?rest_route=%2Fwp%2Fv2%2Fmedia&parent=412"}],"curies":[{"name":"wp","href":"https:\/\/api.w.org\/{rel}","templated":true}]}}