{"id":425,"date":"2024-12-01T15:51:36","date_gmt":"2024-12-01T15:51:36","guid":{"rendered":"https:\/\/www.fciigp2025.com\/?page_id=425"},"modified":"2025-08-13T18:58:27","modified_gmt":"2025-08-13T18:58:27","slug":"jueces","status":"publish","type":"page","link":"https:\/\/www.fciigp2025.com\/?page_id=425&lang=es","title":{"rendered":"Jueces"},"content":{"rendered":"\n<p class=\"has-text-align-center has-vivid-cyan-blue-color has-text-color has-link-color has-medium-font-size wp-elements-b70fed48c4740339ef9e2456f0d32234\"><a href=\"https:\/\/www.fciigp2025.com\/?page_id=618&amp;lang=es\" data-type=\"page\" data-id=\"618\">Supervisor B\/C &#8211; Mr. Robert Markschl\u00e4ger (Austria)<\/a> <a href=\"https:\/\/www.fciigp2025.com\/?page_id=618&amp;lang=es\" data-type=\"page\" data-id=\"618\"><img loading=\"lazy\" decoding=\"async\" width=\"25\" height=\"25\" class=\"wp-image-575\" style=\"width: 25px;\" src=\"https:\/\/www.fciigp2025.com\/wp-content\/uploads\/2024\/12\/image-2.png\" alt=\"\"><\/a><\/p>\n\n\n\n<p class=\"has-text-align-center has-vivid-cyan-blue-color has-text-color has-link-color has-medium-font-size wp-elements-69aa3a5a874449cdc82ae8b6bf31cb1d\"><a href=\"https:\/\/www.fciigp2025.com\/?page_id=613&amp;lang=es\" data-type=\"page\" data-id=\"613\">Supervisor de rastro &#8211; Nenad Milojevi\u0107 (Serbia)<\/a> <a href=\"https:\/\/www.fciigp2025.com\/?page_id=613&amp;lang=es\" data-type=\"page\" data-id=\"613\"><img loading=\"lazy\" decoding=\"async\" width=\"25\" height=\"25\" class=\"wp-image-575\" style=\"width: 25px;\" src=\"https:\/\/www.fciigp2025.com\/wp-content\/uploads\/2024\/12\/image-2.png\" alt=\"\"><\/a><\/p>\n\n\n\n<div style=\"height:37px\" aria-hidden=\"true\" class=\"wp-block-spacer\"><\/div>\n\n\n\n<p class=\"has-text-align-center has-vivid-cyan-blue-color has-text-color has-link-color has-medium-font-size wp-elements-06cf73f3ebdb843f2c3476d7bdf70580\"><a href=\"https:\/\/www.fciigp2025.com\/?page_id=609&amp;lang=es\" data-type=\"page\" data-id=\"609\">A &#8211; Roar Kj\u00f8nstad (Norway)<\/a> <a href=\"https:\/\/www.fciigp2025.com\/?page_id=609&amp;lang=es\" data-type=\"page\" data-id=\"609\"><img loading=\"lazy\" decoding=\"async\" width=\"25\" height=\"25\" class=\"wp-image-575\" style=\"width: 25px;\" src=\"https:\/\/www.fciigp2025.com\/wp-content\/uploads\/2024\/12\/image-2.png\" alt=\"\"><\/a><\/p>\n\n\n\n<p class=\"has-text-align-center has-vivid-cyan-blue-color has-text-color has-link-color has-medium-font-size wp-elements-315361c3912ff76d044d1b13a93fc526\"><a href=\"https:\/\/www.fciigp2025.com\/?page_id=591&amp;lang=es\" data-type=\"page\" data-id=\"591\">B &#8211; Clemente Grosso (Italy)<\/a> <a href=\"https:\/\/www.fciigp2025.com\/?page_id=591&amp;lang=es\" data-type=\"page\" data-id=\"593\"><img loading=\"lazy\" decoding=\"async\" width=\"25\" height=\"25\" class=\"wp-image-575\" style=\"width: 25px;\" src=\"https:\/\/www.fciigp2025.com\/wp-content\/uploads\/2024\/12\/image-2.png\" alt=\"\"><\/a><\/p>\n\n\n\n<p class=\"has-text-align-center has-vivid-cyan-blue-color has-text-color has-link-color has-medium-font-size wp-elements-9deb4455588bff5272b6f8c2db9b9366\"><a href=\"https:\/\/www.fciigp2025.com\/?page_id=1225\" data-type=\"page\" data-id=\"1225\">B: Tumbado en distracci\u00f3n &#8211; Miguel Velasco (Spain)<\/a> <a href=\"https:\/\/www.fciigp2025.com\/?page_id=1225\" data-type=\"page\" data-id=\"1225\"><img loading=\"lazy\" decoding=\"async\" width=\"25\" height=\"25\" class=\"wp-image-575\" style=\"width: 25px;\" src=\"https:\/\/www.fciigp2025.com\/wp-content\/uploads\/2024\/12\/image-2.png\" alt=\"\"><\/a><\/p>\n\n\n\n<p class=\"has-text-align-center has-vivid-cyan-blue-color has-text-color has-link-color has-medium-font-size wp-elements-8ded85dd8f41ab34c9fb7bfed1d2718e\"><a href=\"https:\/\/www.fciigp2025.com\/?page_id=646&amp;lang=es\" data-type=\"page\" data-id=\"646\">C &#8211; Hari Ar\u010don (Slovenia)<\/a> <a href=\"https:\/\/www.fciigp2025.com\/?page_id=646&amp;lang=es\" data-type=\"page\" data-id=\"646\"><img loading=\"lazy\" decoding=\"async\" width=\"25\" height=\"25\" class=\"wp-image-575\" style=\"width: 25px;\" src=\"https:\/\/www.fciigp2025.com\/wp-content\/uploads\/2024\/12\/image-2.png\" alt=\"\"><\/a><\/p>\n","protected":false},"excerpt":{"rendered":"<p>Supervisor B\/C &#8211; Mr. Robert Markschl\u00e4ger (Austria) Supervisor de rastro &#8211; Nenad Milojevi\u0107 (Serbia) A &#8211; Roar Kj\u00f8nstad (Norway) B &#8211; Clemente Grosso (Italy) B: Tumbado en distracci\u00f3n &#8211; Miguel Velasco (Spain) C &#8211; Hari Ar\u010don (Slovenia)<\/p>\n","protected":false},"author":1,"featured_media":317,"parent":0,"menu_order":0,"comment_status":"closed","ping_status":"closed","template":"","meta":{"footnotes":""},"class_list":["post-425","page","type-page","status-publish","hentry"],"_links":{"self":[{"href":"https:\/\/www.fciigp2025.com\/index.php?rest_route=\/wp\/v2\/pages\/425","targetHints":{"allow":["GET"]}}],"collection":[{"href":"https:\/\/www.fciigp2025.com\/index.php?rest_route=\/wp\/v2\/pages"}],"about":[{"href":"https:\/\/www.fciigp2025.com\/index.php?rest_route=\/wp\/v2\/types\/page"}],"author":[{"embeddable":true,"href":"https:\/\/www.fciigp2025.com\/index.php?rest_route=\/wp\/v2\/users\/1"}],"replies":[{"embeddable":true,"href":"https:\/\/www.fciigp2025.com\/index.php?rest_route=%2Fwp%2Fv2%2Fcomments&post=425"}],"version-history":[{"count":19,"href":"https:\/\/www.fciigp2025.com\/index.php?rest_route=\/wp\/v2\/pages\/425\/revisions"}],"predecessor-version":[{"id":1244,"href":"https:\/\/www.fciigp2025.com\/index.php?rest_route=\/wp\/v2\/pages\/425\/revisions\/1244"}],"wp:featuredmedia":[{"embeddable":true,"href":"https:\/\/www.fciigp2025.com\/index.php?rest_route=\/wp\/v2\/media\/317"}],"wp:attachment":[{"href":"https:\/\/www.fciigp2025.com\/index.php?rest_route=%2Fwp%2Fv2%2Fmedia&parent=425"}],"curies":[{"name":"wp","href":"https:\/\/api.w.org\/{rel}","templated":true}]}}