{"id":457,"date":"2024-12-01T18:44:13","date_gmt":"2024-12-01T18:44:13","guid":{"rendered":"https:\/\/www.fciigp2025.com\/?page_id=457"},"modified":"2025-08-10T21:55:06","modified_gmt":"2025-08-10T21:55:06","slug":"proteccion","status":"publish","type":"page","link":"https:\/\/www.fciigp2025.com\/?page_id=457&lang=es","title":{"rendered":"Protecci\u00f3n"},"content":{"rendered":"<div class=\"wp-block-image is-style-rounded\">\n<figure class=\"aligncenter size-large\"><img loading=\"lazy\" decoding=\"async\" width=\"1024\" height=\"623\" src=\"https:\/\/www.fciigp2025.com\/wp-content\/uploads\/2024\/11\/image-7-1024x623.png\" alt=\"\" class=\"wp-image-140\" srcset=\"https:\/\/www.fciigp2025.com\/wp-content\/uploads\/2024\/11\/image-7-1024x623.png 1024w, https:\/\/www.fciigp2025.com\/wp-content\/uploads\/2024\/11\/image-7-300x183.png 300w, https:\/\/www.fciigp2025.com\/wp-content\/uploads\/2024\/11\/image-7-768x467.png 768w, https:\/\/www.fciigp2025.com\/wp-content\/uploads\/2024\/11\/image-7.png 1341w\" sizes=\"auto, (max-width: 1024px) 100vw, 1024px\" \/><\/figure>\n<\/div>\n\n\n<div style=\"height:63px\" aria-hidden=\"true\" class=\"wp-block-spacer\"><\/div>\n\n\n\n<h4 class=\"wp-block-heading has-text-align-center has-large-font-size\">Figurantes<\/h4>\n\n\n\n<div class=\"wp-block-columns is-layout-flex wp-container-core-columns-is-layout-9d6595d7 wp-block-columns-is-layout-flex\">\n<div class=\"wp-block-column is-layout-flow wp-block-column-is-layout-flow\" style=\"flex-basis:33.33%\">\n<figure class=\"wp-block-image size-large is-style-rounded\"><img loading=\"lazy\" decoding=\"async\" width=\"1902\" height=\"1903\" src=\"https:\/\/www.fciigp2025.com\/wp-content\/uploads\/2025\/08\/Jonay-Aleman-edited.jpeg\" alt=\"\" class=\"wp-image-1036\" srcset=\"https:\/\/www.fciigp2025.com\/wp-content\/uploads\/2025\/08\/Jonay-Aleman-edited.jpeg 1902w, https:\/\/www.fciigp2025.com\/wp-content\/uploads\/2025\/08\/Jonay-Aleman-edited-300x300.jpeg 300w, https:\/\/www.fciigp2025.com\/wp-content\/uploads\/2025\/08\/Jonay-Aleman-edited-1024x1024.jpeg 1024w, https:\/\/www.fciigp2025.com\/wp-content\/uploads\/2025\/08\/Jonay-Aleman-edited-150x150.jpeg 150w, https:\/\/www.fciigp2025.com\/wp-content\/uploads\/2025\/08\/Jonay-Aleman-edited-768x768.jpeg 768w, https:\/\/www.fciigp2025.com\/wp-content\/uploads\/2025\/08\/Jonay-Aleman-edited-1536x1536.jpeg 1536w\" sizes=\"auto, (max-width: 1902px) 100vw, 1902px\" \/><\/figure>\n\n\n\n<p class=\"has-text-align-center\"><strong>Jonay Aleman<\/strong><\/p>\n<\/div>\n\n\n\n<div class=\"wp-block-column is-layout-flow wp-block-column-is-layout-flow\" style=\"flex-basis:33.33%\">\n<figure class=\"wp-block-image size-large is-style-rounded\"><img loading=\"lazy\" decoding=\"async\" width=\"1033\" height=\"1032\" src=\"https:\/\/www.fciigp2025.com\/wp-content\/uploads\/2025\/08\/Jose-Antonio-Almeida-edited.jpeg\" alt=\"\" class=\"wp-image-1038\" srcset=\"https:\/\/www.fciigp2025.com\/wp-content\/uploads\/2025\/08\/Jose-Antonio-Almeida-edited.jpeg 1033w, https:\/\/www.fciigp2025.com\/wp-content\/uploads\/2025\/08\/Jose-Antonio-Almeida-edited-300x300.jpeg 300w, https:\/\/www.fciigp2025.com\/wp-content\/uploads\/2025\/08\/Jose-Antonio-Almeida-edited-1024x1024.jpeg 1024w, https:\/\/www.fciigp2025.com\/wp-content\/uploads\/2025\/08\/Jose-Antonio-Almeida-edited-150x150.jpeg 150w, https:\/\/www.fciigp2025.com\/wp-content\/uploads\/2025\/08\/Jose-Antonio-Almeida-edited-768x767.jpeg 768w\" sizes=\"auto, (max-width: 1033px) 100vw, 1033px\" \/><\/figure>\n\n\n\n<p class=\"has-text-align-center\"><strong>Jos\u00e9 Antonio Almeida<\/strong><\/p>\n<\/div>\n\n\n\n<div class=\"wp-block-column is-layout-flow wp-block-column-is-layout-flow\" style=\"flex-basis:33.33%\">\n<figure class=\"wp-block-image size-large is-style-rounded\"><img loading=\"lazy\" decoding=\"async\" width=\"1080\" height=\"1079\" src=\"https:\/\/www.fciigp2025.com\/wp-content\/uploads\/2025\/08\/Alvaro-Caballero-edited.jpeg\" alt=\"\" class=\"wp-image-1040\" srcset=\"https:\/\/www.fciigp2025.com\/wp-content\/uploads\/2025\/08\/Alvaro-Caballero-edited.jpeg 1080w, https:\/\/www.fciigp2025.com\/wp-content\/uploads\/2025\/08\/Alvaro-Caballero-edited-300x300.jpeg 300w, https:\/\/www.fciigp2025.com\/wp-content\/uploads\/2025\/08\/Alvaro-Caballero-edited-1024x1024.jpeg 1024w, https:\/\/www.fciigp2025.com\/wp-content\/uploads\/2025\/08\/Alvaro-Caballero-edited-150x150.jpeg 150w, https:\/\/www.fciigp2025.com\/wp-content\/uploads\/2025\/08\/Alvaro-Caballero-edited-768x767.jpeg 768w\" sizes=\"auto, (max-width: 1080px) 100vw, 1080px\" \/><\/figure>\n\n\n\n<p class=\"has-text-align-center\"><strong>\u00c1lvaro Caballero<\/strong><\/p>\n<\/div>\n<\/div>\n\n\n\n<div class=\"wp-block-columns is-layout-flex wp-container-core-columns-is-layout-9d6595d7 wp-block-columns-is-layout-flex\">\n<div class=\"wp-block-column is-layout-flow wp-block-column-is-layout-flow\">\n<figure class=\"wp-block-image size-large is-style-rounded\"><img loading=\"lazy\" decoding=\"async\" width=\"751\" height=\"751\" src=\"https:\/\/www.fciigp2025.com\/wp-content\/uploads\/2025\/08\/Miguel-Flores-edited.jpeg\" alt=\"\" class=\"wp-image-1042\" srcset=\"https:\/\/www.fciigp2025.com\/wp-content\/uploads\/2025\/08\/Miguel-Flores-edited.jpeg 751w, https:\/\/www.fciigp2025.com\/wp-content\/uploads\/2025\/08\/Miguel-Flores-edited-300x300.jpeg 300w, https:\/\/www.fciigp2025.com\/wp-content\/uploads\/2025\/08\/Miguel-Flores-edited-150x150.jpeg 150w\" sizes=\"auto, (max-width: 751px) 100vw, 751px\" \/><\/figure>\n\n\n\n<p class=\"has-text-align-center\"><strong>Miguel Flores<\/strong><\/p>\n<\/div>\n\n\n\n<div class=\"wp-block-column is-layout-flow wp-block-column-is-layout-flow\">\n<figure class=\"wp-block-image size-large is-style-rounded\"><img loading=\"lazy\" decoding=\"async\" width=\"1366\" height=\"1365\" src=\"https:\/\/www.fciigp2025.com\/wp-content\/uploads\/2025\/08\/Abdal-Hounkara-edited.jpeg\" alt=\"\" class=\"wp-image-1044\" srcset=\"https:\/\/www.fciigp2025.com\/wp-content\/uploads\/2025\/08\/Abdal-Hounkara-edited.jpeg 1366w, https:\/\/www.fciigp2025.com\/wp-content\/uploads\/2025\/08\/Abdal-Hounkara-edited-300x300.jpeg 300w, https:\/\/www.fciigp2025.com\/wp-content\/uploads\/2025\/08\/Abdal-Hounkara-edited-1024x1024.jpeg 1024w, https:\/\/www.fciigp2025.com\/wp-content\/uploads\/2025\/08\/Abdal-Hounkara-edited-150x150.jpeg 150w, https:\/\/www.fciigp2025.com\/wp-content\/uploads\/2025\/08\/Abdal-Hounkara-edited-768x767.jpeg 768w\" sizes=\"auto, (max-width: 1366px) 100vw, 1366px\" \/><\/figure>\n\n\n\n<p class=\"has-text-align-center\"><strong>Abdal Hounkara<\/strong><\/p>\n<\/div>\n\n\n\n<div class=\"wp-block-column is-layout-flow wp-block-column-is-layout-flow\">\n<figure class=\"wp-block-image size-full is-style-rounded\"><img loading=\"lazy\" decoding=\"async\" width=\"720\" height=\"720\" src=\"https:\/\/www.fciigp2025.com\/wp-content\/uploads\/2025\/08\/Ivan-Lopez-edited.jpeg\" alt=\"\" class=\"wp-image-1046\" srcset=\"https:\/\/www.fciigp2025.com\/wp-content\/uploads\/2025\/08\/Ivan-Lopez-edited.jpeg 720w, https:\/\/www.fciigp2025.com\/wp-content\/uploads\/2025\/08\/Ivan-Lopez-edited-300x300.jpeg 300w, https:\/\/www.fciigp2025.com\/wp-content\/uploads\/2025\/08\/Ivan-Lopez-edited-150x150.jpeg 150w\" sizes=\"auto, (max-width: 720px) 100vw, 720px\" \/><\/figure>\n\n\n\n<p class=\"has-text-align-center\"><strong>Iv\u00e1n L\u00f3pez<\/strong><\/p>\n<\/div>\n<\/div>\n\n\n\n<div class=\"wp-block-columns is-layout-flex wp-container-core-columns-is-layout-9d6595d7 wp-block-columns-is-layout-flex\">\n<div class=\"wp-block-column is-layout-flow wp-block-column-is-layout-flow\">\n<figure class=\"wp-block-image size-large is-style-rounded\"><img loading=\"lazy\" decoding=\"async\" width=\"1070\" height=\"1070\" src=\"https:\/\/www.fciigp2025.com\/wp-content\/uploads\/2025\/08\/Angel-Rodriguez-edited.jpeg\" alt=\"\" class=\"wp-image-1048\" srcset=\"https:\/\/www.fciigp2025.com\/wp-content\/uploads\/2025\/08\/Angel-Rodriguez-edited.jpeg 1070w, https:\/\/www.fciigp2025.com\/wp-content\/uploads\/2025\/08\/Angel-Rodriguez-edited-300x300.jpeg 300w, https:\/\/www.fciigp2025.com\/wp-content\/uploads\/2025\/08\/Angel-Rodriguez-edited-1024x1024.jpeg 1024w, https:\/\/www.fciigp2025.com\/wp-content\/uploads\/2025\/08\/Angel-Rodriguez-edited-150x150.jpeg 150w, https:\/\/www.fciigp2025.com\/wp-content\/uploads\/2025\/08\/Angel-Rodriguez-edited-768x768.jpeg 768w\" sizes=\"auto, (max-width: 1070px) 100vw, 1070px\" \/><\/figure>\n\n\n\n<p class=\"has-text-align-center\"><strong>\u00c1ngel Rodr\u00edguez<\/strong><\/p>\n<\/div>\n\n\n\n<div class=\"wp-block-column is-layout-flow wp-block-column-is-layout-flow\">\n<figure class=\"wp-block-image size-large is-style-rounded\"><img loading=\"lazy\" decoding=\"async\" width=\"900\" height=\"900\" src=\"https:\/\/www.fciigp2025.com\/wp-content\/uploads\/2025\/08\/Pedro-Verdu-edited.jpeg\" alt=\"\" class=\"wp-image-1050\" srcset=\"https:\/\/www.fciigp2025.com\/wp-content\/uploads\/2025\/08\/Pedro-Verdu-edited.jpeg 900w, https:\/\/www.fciigp2025.com\/wp-content\/uploads\/2025\/08\/Pedro-Verdu-edited-300x300.jpeg 300w, https:\/\/www.fciigp2025.com\/wp-content\/uploads\/2025\/08\/Pedro-Verdu-edited-150x150.jpeg 150w, https:\/\/www.fciigp2025.com\/wp-content\/uploads\/2025\/08\/Pedro-Verdu-edited-768x768.jpeg 768w\" sizes=\"auto, (max-width: 900px) 100vw, 900px\" \/><\/figure>\n\n\n\n<p class=\"has-text-align-center\"><strong>Pedro Verd\u00fa<\/strong><\/p>\n<\/div>\n\n\n\n<div class=\"wp-block-column is-layout-flow wp-block-column-is-layout-flow\"><\/div>\n<\/div>\n\n\n<div class=\"wp-block-image\">\n<figure class=\"aligncenter size-large is-resized\"><a href=\"https:\/\/www.reyerosportdog.com\/Manga-completa-FCI-SPAIN-2025\" target=\"_blank\" rel=\" noreferrer noopener\"><img loading=\"lazy\" decoding=\"async\" width=\"1024\" height=\"724\" src=\"https:\/\/www.fciigp2025.com\/wp-content\/uploads\/2025\/06\/image-1024x724.png\" alt=\"\" class=\"wp-image-769\" style=\"width:450px;height:auto\" srcset=\"https:\/\/www.fciigp2025.com\/wp-content\/uploads\/2025\/06\/image-1024x724.png 1024w, https:\/\/www.fciigp2025.com\/wp-content\/uploads\/2025\/06\/image-300x212.png 300w, https:\/\/www.fciigp2025.com\/wp-content\/uploads\/2025\/06\/image-768x543.png 768w, https:\/\/www.fciigp2025.com\/wp-content\/uploads\/2025\/06\/image.png 1280w\" sizes=\"auto, (max-width: 1024px) 100vw, 1024px\" \/><\/a><\/figure>\n<\/div>\n\n\n<h4 class=\"wp-block-heading has-text-align-center has-vivid-cyan-blue-color has-text-color has-link-color wp-elements-4374d0e4c896e64240a3ca1581885f9a\"><a href=\"https:\/\/www.reyerosportdog.com\/Manga-completa-FCI-SPAIN-2025\" target=\"_blank\" rel=\"noreferrer noopener\"><span style=\"text-decoration: underline;\">Haz clic aqu\u00ed para comprar la manga<\/span><\/a><\/h4>\n\n\n<div class=\"wp-block-image\">\n<figure class=\"aligncenter size-full is-resized\"><a href=\"https:\/\/www.reyerosportdog.com\/Revier\" target=\"_blank\" rel=\" noreferrer noopener\"><img loading=\"lazy\" decoding=\"async\" width=\"724\" height=\"1024\" src=\"https:\/\/www.fciigp2025.com\/wp-content\/uploads\/2025\/07\/image.png\" alt=\"\" class=\"wp-image-823\" style=\"width:539px;height:auto\" srcset=\"https:\/\/www.fciigp2025.com\/wp-content\/uploads\/2025\/07\/image.png 724w, https:\/\/www.fciigp2025.com\/wp-content\/uploads\/2025\/07\/image-212x300.png 212w\" sizes=\"auto, (max-width: 724px) 100vw, 724px\" \/><\/a><\/figure>\n<\/div>\n\n\n<h4 class=\"wp-block-heading has-text-align-center has-vivid-cyan-blue-color has-text-color has-link-color wp-elements-1bfbafc6f9e9671a76bb55656d8b090d\"><a href=\"https:\/\/www.reyerosportdog.com\/Revier\" target=\"_blank\" rel=\"noreferrer noopener\"><span style=\"text-decoration: underline;\">Haz clic aqu\u00ed para comprar el revier<\/span><\/a><\/h4>\n","protected":false},"excerpt":{"rendered":"<p>Figurantes Jonay Aleman Jos\u00e9 Antonio Almeida \u00c1lvaro Caballero Miguel Flores Abdal Hounkara Iv\u00e1n L\u00f3pez \u00c1ngel Rodr\u00edguez Pedro Verd\u00fa Haz clic aqu\u00ed para comprar la manga Haz clic aqu\u00ed para comprar el revier<\/p>\n","protected":false},"author":1,"featured_media":254,"parent":0,"menu_order":0,"comment_status":"closed","ping_status":"closed","template":"","meta":{"footnotes":""},"class_list":["post-457","page","type-page","status-publish","hentry"],"_links":{"self":[{"href":"https:\/\/www.fciigp2025.com\/index.php?rest_route=\/wp\/v2\/pages\/457","targetHints":{"allow":["GET"]}}],"collection":[{"href":"https:\/\/www.fciigp2025.com\/index.php?rest_route=\/wp\/v2\/pages"}],"about":[{"href":"https:\/\/www.fciigp2025.com\/index.php?rest_route=\/wp\/v2\/types\/page"}],"author":[{"embeddable":true,"href":"https:\/\/www.fciigp2025.com\/index.php?rest_route=\/wp\/v2\/users\/1"}],"replies":[{"embeddable":true,"href":"https:\/\/www.fciigp2025.com\/index.php?rest_route=%2Fwp%2Fv2%2Fcomments&post=457"}],"version-history":[{"count":5,"href":"https:\/\/www.fciigp2025.com\/index.php?rest_route=\/wp\/v2\/pages\/457\/revisions"}],"predecessor-version":[{"id":1169,"href":"https:\/\/www.fciigp2025.com\/index.php?rest_route=\/wp\/v2\/pages\/457\/revisions\/1169"}],"wp:featuredmedia":[{"embeddable":true,"href":"https:\/\/www.fciigp2025.com\/index.php?rest_route=\/wp\/v2\/media\/254"}],"wp:attachment":[{"href":"https:\/\/www.fciigp2025.com\/index.php?rest_route=%2Fwp%2Fv2%2Fmedia&parent=457"}],"curies":[{"name":"wp","href":"https:\/\/api.w.org\/{rel}","templated":true}]}}