{"id":461,"date":"2024-12-01T18:53:47","date_gmt":"2024-12-01T18:53:47","guid":{"rendered":"https:\/\/www.fciigp2025.com\/?page_id=461"},"modified":"2025-09-07T10:37:53","modified_gmt":"2025-09-07T10:37:53","slug":"estadio","status":"publish","type":"page","link":"https:\/\/www.fciigp2025.com\/?page_id=461&lang=es","title":{"rendered":"Estadio"},"content":{"rendered":"\n<p class=\"has-text-align-center has-medium-font-size\">&#8220;Parque de Gamarra&#8221; es un estadio de rugby situado en un enclave natural.<\/p>\n\n\n\n<div style=\"height:45px\" aria-hidden=\"true\" class=\"wp-block-spacer\"><\/div>\n\n\n<div class=\"wp-block-image solapar-con-texto-inferior\">\n<figure class=\"aligncenter size-full\"><img loading=\"lazy\" decoding=\"async\" width=\"1350\" height=\"908\" src=\"https:\/\/www.fciigp2025.com\/wp-content\/uploads\/2025\/09\/Gamarra-Stadium.png\" alt=\"\" class=\"wp-image-1437\" srcset=\"https:\/\/www.fciigp2025.com\/wp-content\/uploads\/2025\/09\/Gamarra-Stadium.png 1350w, https:\/\/www.fciigp2025.com\/wp-content\/uploads\/2025\/09\/Gamarra-Stadium-300x202.png 300w, https:\/\/www.fciigp2025.com\/wp-content\/uploads\/2025\/09\/Gamarra-Stadium-1024x689.png 1024w, https:\/\/www.fciigp2025.com\/wp-content\/uploads\/2025\/09\/Gamarra-Stadium-768x517.png 768w\" sizes=\"auto, (max-width: 1350px) 100vw, 1350px\" \/><\/figure>\n<\/div>\n\n\n<div class=\"wp-block-columns is-layout-flex wp-container-core-columns-is-layout-9d6595d7 wp-block-columns-is-layout-flex\">\n<div class=\"wp-block-column is-layout-flow wp-block-column-is-layout-flow\">\n<p class=\"has-text-align-left has-medium-font-size\"><span class=\"unbreakable\"><strong>1<\/strong>. Parking para competidores<\/span><\/p>\n\n\n\n<p class=\"has-text-align-left has-medium-font-size\"><span class=\"unbreakable\"><strong>2<\/strong>. Pre-Ring<\/span> <\/p>\n\n\n\n<p class=\"has-text-align-left has-medium-font-size\"><span class=\"unbreakable\"><strong>3<\/strong>. <\/span>Estadio<\/p>\n<\/div>\n\n\n\n<div class=\"wp-block-column is-layout-flow wp-block-column-is-layout-flow\">\n<p class=\"has-text-align-left has-medium-font-size\"><span class=\"unbreakable\"><strong>4<\/strong>. Oficinas<\/span><\/p>\n\n\n\n<p class=\"has-text-align-left has-medium-font-size\"><span class=\"unbreakable\"><strong>5.<\/strong> Zona de comidas<\/span><\/p>\n\n\n\n<p class=\"has-text-align-left has-medium-font-size\"><span class=\"unbreakable\"><strong>6<\/strong>. Puestos de venta<\/span><\/p>\n<\/div>\n\n\n\n<div class=\"wp-block-column is-layout-flow wp-block-column-is-layout-flow\">\n<p class=\"has-text-align-left has-medium-font-size\"><span class=\"unbreakable\"><strong>7<\/strong>. Parking para visitantes<\/span><\/p>\n\n\n\n<p class=\"has-text-align-left has-medium-font-size\"><span class=\"unbreakable\"><strong>8<\/strong>. Servicios &#8211; WC<\/span><\/p>\n<\/div>\n<\/div>\n\n\n\n<div style=\"height:87px\" aria-hidden=\"true\" class=\"wp-block-spacer\"><\/div>\n\n\n\n<div class=\"wp-block-columns is-layout-flex wp-container-core-columns-is-layout-9d6595d7 wp-block-columns-is-layout-flex\">\n<div class=\"wp-block-column is-layout-flow wp-block-column-is-layout-flow\">\n<h4 class=\"wp-block-heading has-text-align-center has-large-font-size\">Parking para competidores<\/h4>\n\n\n<div class=\"wp-block-image\">\n<figure class=\"aligncenter size-full\"><img loading=\"lazy\" decoding=\"async\" width=\"895\" height=\"668\" src=\"https:\/\/www.fciigp2025.com\/wp-content\/uploads\/2024\/11\/image-8.png\" alt=\"\" class=\"wp-image-143\" srcset=\"https:\/\/www.fciigp2025.com\/wp-content\/uploads\/2024\/11\/image-8.png 895w, https:\/\/www.fciigp2025.com\/wp-content\/uploads\/2024\/11\/image-8-300x224.png 300w, https:\/\/www.fciigp2025.com\/wp-content\/uploads\/2024\/11\/image-8-768x573.png 768w\" sizes=\"auto, (max-width: 895px) 100vw, 895px\" \/><\/figure>\n<\/div><\/div>\n\n\n\n<div class=\"wp-block-column is-layout-flow wp-block-column-is-layout-flow\">\n<h4 class=\"wp-block-heading has-text-align-center has-large-font-size\">Pre-ring<\/h4>\n\n\n<div class=\"wp-block-image\">\n<figure class=\"aligncenter size-full\"><img loading=\"lazy\" decoding=\"async\" width=\"893\" height=\"667\" src=\"https:\/\/www.fciigp2025.com\/wp-content\/uploads\/2024\/11\/image-9.png\" alt=\"\" class=\"wp-image-144\" srcset=\"https:\/\/www.fciigp2025.com\/wp-content\/uploads\/2024\/11\/image-9.png 893w, https:\/\/www.fciigp2025.com\/wp-content\/uploads\/2024\/11\/image-9-300x224.png 300w, https:\/\/www.fciigp2025.com\/wp-content\/uploads\/2024\/11\/image-9-768x574.png 768w\" sizes=\"auto, (max-width: 893px) 100vw, 893px\" \/><\/figure>\n<\/div><\/div>\n<\/div>\n\n\n\n<div style=\"height:60px\" aria-hidden=\"true\" class=\"wp-block-spacer\"><\/div>\n\n\n\n<h4 class=\"wp-block-heading has-text-align-center has-large-font-size\">Estadio<\/h4>\n\n\n<div class=\"wp-block-image\">\n<figure class=\"aligncenter size-full\"><img loading=\"lazy\" decoding=\"async\" width=\"896\" height=\"674\" src=\"https:\/\/www.fciigp2025.com\/wp-content\/uploads\/2024\/11\/image-10.png\" alt=\"\" class=\"wp-image-145\" srcset=\"https:\/\/www.fciigp2025.com\/wp-content\/uploads\/2024\/11\/image-10.png 896w, https:\/\/www.fciigp2025.com\/wp-content\/uploads\/2024\/11\/image-10-300x226.png 300w, https:\/\/www.fciigp2025.com\/wp-content\/uploads\/2024\/11\/image-10-768x578.png 768w\" sizes=\"auto, (max-width: 896px) 100vw, 896px\" \/><\/figure>\n<\/div>\n\n\n<div style=\"height:100px\" aria-hidden=\"true\" class=\"wp-block-spacer\"><\/div>\n\n\n\n<h4 class=\"wp-block-heading has-text-align-center has-large-font-size\">Campos de entrenamiento<\/h4>\n\n\n\n<p class=\"has-text-align-center has-medium-font-size\">Los participantes tendr\u00e1n acceso a 5 campos de futbol para entrenar, siendo 2 para obediencia, 2 para protecci\u00f3n, y 1 para hembras en celo. El acceso a los mismos se habilitar\u00e1 de 8:00 AM a 4:00 PM.<\/p>\n","protected":false},"excerpt":{"rendered":"<p>&#8220;Parque de Gamarra&#8221; es un estadio de rugby situado en un enclave natural. 1. Parking para competidores 2. Pre-Ring 3. Estadio 4. Oficinas 5. Zona de comidas 6. Puestos de venta 7. Parking para visitantes 8. Servicios &#8211; WC Parking para competidores Pre-ring Estadio Campos de entrenamiento Los participantes tendr\u00e1n acceso a 5 campos de [&hellip;]<\/p>\n","protected":false},"author":1,"featured_media":291,"parent":0,"menu_order":0,"comment_status":"closed","ping_status":"closed","template":"","meta":{"footnotes":""},"class_list":["post-461","page","type-page","status-publish","hentry"],"_links":{"self":[{"href":"https:\/\/www.fciigp2025.com\/index.php?rest_route=\/wp\/v2\/pages\/461","targetHints":{"allow":["GET"]}}],"collection":[{"href":"https:\/\/www.fciigp2025.com\/index.php?rest_route=\/wp\/v2\/pages"}],"about":[{"href":"https:\/\/www.fciigp2025.com\/index.php?rest_route=\/wp\/v2\/types\/page"}],"author":[{"embeddable":true,"href":"https:\/\/www.fciigp2025.com\/index.php?rest_route=\/wp\/v2\/users\/1"}],"replies":[{"embeddable":true,"href":"https:\/\/www.fciigp2025.com\/index.php?rest_route=%2Fwp%2Fv2%2Fcomments&post=461"}],"version-history":[{"count":2,"href":"https:\/\/www.fciigp2025.com\/index.php?rest_route=\/wp\/v2\/pages\/461\/revisions"}],"predecessor-version":[{"id":1443,"href":"https:\/\/www.fciigp2025.com\/index.php?rest_route=\/wp\/v2\/pages\/461\/revisions\/1443"}],"wp:featuredmedia":[{"embeddable":true,"href":"https:\/\/www.fciigp2025.com\/index.php?rest_route=\/wp\/v2\/media\/291"}],"wp:attachment":[{"href":"https:\/\/www.fciigp2025.com\/index.php?rest_route=%2Fwp%2Fv2%2Fmedia&parent=461"}],"curies":[{"name":"wp","href":"https:\/\/api.w.org\/{rel}","templated":true}]}}