{"id":613,"date":"2025-01-02T20:36:19","date_gmt":"2025-01-02T20:36:19","guid":{"rendered":"https:\/\/www.fciigp2025.com\/?page_id=613"},"modified":"2025-08-10T08:19:29","modified_gmt":"2025-08-10T08:19:29","slug":"nenad-milojevic-es","status":"publish","type":"page","link":"https:\/\/www.fciigp2025.com\/?page_id=613&lang=es","title":{"rendered":"Nenad Milojevi\u0107"},"content":{"rendered":"\n<p>Active in canine sports since 1980.<\/p>\n\n\n\n<p>Bachelor degree: Organizational prerequisites for introducing modern system of management into kennel organization of Yugoslavia<\/p>\n\n\n\n<p>Master degree: Organizational culture &#8211; model of kennel organization of Serbia<\/p>\n\n\n\n<p>PhD degree: Establishing standards and managing educational processes for working dog judges with aim of preserving and developing canine sport management<\/p>\n\n\n\n<p><strong>Member of:<\/strong><\/p>\n\n\n\n<ul class=\"wp-block-list\">\n<li>Belgrade Kennel Club since 1982<\/li>\n\n\n\n<li>German Shepherd Fan Club since 1982<\/li>\n\n\n\n<li>Service Dog Trainer and Handler Club \u201ePoliceman\u201c since 1982<\/li>\n\n\n\n<li>Verein f\u00fcr Deutsche Sch\u00e4ferhunde-SV since 1988<\/li>\n\n\n\n<li>Die Weltunion der Sch\u00e4ferhunde Vereine-WUSV since 1988<\/li>\n\n\n\n<li>German Shepherd Association of Serbia (Yugoslavia) since 2002\n<ul class=\"wp-block-list\">\n<li>Ausbildungswart of German Shepherd Association of Serbia (2019-2023)<\/li>\n<\/ul>\n<\/li>\n\n\n\n<li>Kennel Club \u0160entjur since January 2023<\/li>\n<\/ul>\n\n\n\n<p><strong>Honorary member of<\/strong>:<\/p>\n\n\n\n<ul class=\"wp-block-list\">\n<li>Societa Amatori Sch\u00e4ferhunde &#8211; SAS since 2001<\/li>\n\n\n\n<li>Dog Sport Club Kraljevica since 2001<\/li>\n\n\n\n<li>Kennel Club Kragujevac, Dog Sport Club Sumadija since 2001<\/li>\n\n\n\n<li>Working Dog Fan Club Futog since 2020<\/li>\n<\/ul>\n\n\n\n<p><strong>Judge<\/strong><strong>:<\/strong><\/p>\n\n\n\n<ul class=\"wp-block-list\">\n<li>FCI International Judge for German Shepherd Conformation since 1990<\/li>\n\n\n\n<li>FCI International Judge for Working Dogs since 1992<\/li>\n\n\n\n<li>WUSV National Special Judge since 2018<\/li>\n<\/ul>\n\n\n\n<p>Judged multiple National (CAC) and International (CACIB) confirmation shows in Serbia and Former Yugoslavia, and as an international judge for working dogs, apart from judging trials organized in Serbia, judged over 60 events (including 5 World Championships) in 13 countries on 3 continents.<\/p>\n\n\n\n<p>Active competitor in canine sport since 1990 through present. With his dogs-German Shepherds (Ming 1982-1988; Ello von der Stockheimer Allee 1989-2003; Westie vom Kirschental 1999-2011; Bizi Kacharska 2002-2016; Dias vom Bonauer Wald 2007-2021; Ony-X vom Haus Pixner 2022-) participated in over 160 national and international competitions. Multiple Champion of Yugoslavia and participant at two World Championships (FCI World Championships: `97 Nitra-Slovakia and `98 Meppen-Germany). First handler from the territory of the Republic of Serbia who passed avalanche and rescue dog tests with his dog. Republic of Serbia team leader at several World Championships (WM FCI IPO, WM FCI IPO FH).<\/p>\n\n\n\n<p>Participated in numerous international seminars for working dog judges, helpers, track layers and rescue dogs.<\/p>\n\n\n\n<p>Lecturer at numerous cynological seminars in country and abroad and since 2011 regular lecturer at Cynology Academy, Cynology Section of Faculty of Veterinary Science of University of Belgrade. Leads individual workshops on the subject of relationship of humans and dogs.<\/p>\n\n\n\n<p>Since 2001 owner of registered kennel for German Shepherds \u201eKachari\u201c &#8211; FCI 4105.<\/p>\n\n\n\n<p>Does research in field of working dog sport. Publishes expert and journalist work in national and international magazines.<\/p>\n\n\n\n<p>Delegate of Serbian Kennel Club to FCI Utility Dog Commission since August of 1997. Since March 12, 2022 holds the title of Doyen of the Utility Dog Sports and FCI Utility Dogs Commission.<\/p>\n\n\n\n<p><strong>Reference List:<\/strong><\/p>\n\n\n\n<p><strong>International competitions\/championships for working dogs:<\/strong><\/p>\n\n\n\n<ol start=\"1\" class=\"wp-block-list\">\n<li>CACIT Tilburg: Netherlands `98 (assistant judge)<\/li>\n\n\n\n<li>CACIT Tilburg: Netherlands `99<\/li>\n\n\n\n<li>CACIT Moscow: Russian Federation `02<\/li>\n\n\n\n<li>CACIT Moscow: Russian Federation `04<\/li>\n\n\n\n<li><strong>WM<\/strong><strong> <\/strong><strong>IPO<\/strong><strong> <\/strong><strong>FCI<\/strong><strong> <\/strong><strong>Nova<\/strong><strong> <\/strong><strong>Gorica: <\/strong><strong>Slovenia<\/strong><strong> `06 <\/strong><strong>(tracking supervisor)<\/strong><\/li>\n\n\n\n<li>CACIT Lesce pri Bledu: Slovenia `07<\/li>\n\n\n\n<li>CACIT Oroshaza: Hungary `07<\/li>\n\n\n\n<li>CACIT Oroshaza: Hungary `08<\/li>\n\n\n\n<li>CACIT Pula: Croatia `09<\/li>\n\n\n\n<li>Asian CH Harazuru: Japan `10<\/li>\n\n\n\n<li>CACIT Komarom: Hungary `10<\/li>\n\n\n\n<li>CACIT Rence: Slovenia `10<\/li>\n\n\n\n<li>WM Qualification Dozza: Italy `10<\/li>\n\n\n\n<li><strong>WM IPO FCI Hameenlinna: Finland <\/strong><strong>`<\/strong><strong>10 (<\/strong><strong>tracking judge<\/strong><strong>)<\/strong><\/li>\n\n\n\n<li>CACIT Zlotoklos-Warszaw: Poland `11<\/li>\n\n\n\n<li>CACIT Volgograd: Russian Federation `11<\/li>\n\n\n\n<li>CACIT Hodmezovasarhely: Hungary `12<\/li>\n\n\n\n<li>CACIT Targu Mures: Romania `12<\/li>\n\n\n\n<li><strong>WM FMBB Koper: Slovenia <\/strong><strong>`<\/strong><strong>13 <\/strong><strong>(obedience judge, protection judge in the Finals)<\/strong><\/li>\n\n\n\n<li>CH IPO AWDF Lucas, KY: USA `13<\/li>\n\n\n\n<li>WM Qualification Athens: Greece `14<\/li>\n\n\n\n<li>CH IPO AWDF Chillicothe, IL: USA `14<\/li>\n\n\n\n<li>CH IPO KIF Izmir: Turkey `14<\/li>\n\n\n\n<li>&nbsp;CACIT RKF Tver: Russian Federation `14<\/li>\n\n\n\n<li>CACIT HKS Vinkovci: Croatia `14<\/li>\n\n\n\n<li>CACIT Ljubljana: Slovenia `15<\/li>\n\n\n\n<li>CACIT Kiev: Ukraina `15<\/li>\n\n\n\n<li>CACIT HKS Vinkovci: Croatia `16<\/li>\n\n\n\n<li>CACIT Belchatov: Polska `17<\/li>\n\n\n\n<li><strong>WM IPO FMBB Ajdovscina: Slovenia `18 (tracking judge, obedience judge in the Finals)<\/strong><\/li>\n<\/ol>\n\n\n\n<ol start=\"31\" class=\"wp-block-list\">\n<li>CACIT Ljubljana: Slovenija `19<\/li>\n\n\n\n<li>CACIT RKF Dmitrov: Russian Federation `19<\/li>\n\n\n\n<li>CACIT HKS Vinkovci: Croatia `19<\/li>\n\n\n\n<li>CACIT Ljubljana: Slovenia `22<\/li>\n\n\n\n<li>CACIT Ljubljana: Slovenia `22<\/li>\n\n\n\n<li>CACIT Zagreb: Croatia `23<\/li>\n\n\n\n<li>WM Qualification Brda: Slovenia `24<\/li>\n\n\n\n<li>CACIT Minsk: Belorussia `24<\/li>\n\n\n\n<li><strong>WM FCI IGP Vinkovci<\/strong>: <strong>Croatia `24 (tracking supervisor<\/strong>)<\/li>\n<\/ol>\n\n\n\n<p><strong>National trials &#8211; club championships<\/strong><strong>:<\/strong><\/p>\n\n\n\n<ol start=\"1\" class=\"wp-block-list\">\n<li>CACT \u0160marna Gora: Slovenia `06<\/li>\n\n\n\n<li>CACT \u0160marna Gora: Slovenia `07<\/li>\n\n\n\n<li>CH TR Antalya: Turkey `08<\/li>\n\n\n\n<li>CH Club Illinois: USA `08<\/li>\n\n\n\n<li>CH Club Iowa: USA `08&nbsp;<\/li>\n\n\n\n<li>CH TR Istanbul: Turkey `09<\/li>\n\n\n\n<li>Club Trial Istanbul: Turkey `09<\/li>\n\n\n\n<li>Club Trial Istanbul: Turkey `10<\/li>\n\n\n\n<li>Club Trial Thessaloniki: Greece `10<\/li>\n\n\n\n<li>Club Trial Targu Mures: Romania `11<\/li>\n\n\n\n<li>CH TR Istanbul: Turkey `13<\/li>\n\n\n\n<li>CH Club Illinois: USA `14<\/li>\n\n\n\n<li>CH Istanbul: Turkey `16<\/li>\n\n\n\n<li>CACT Pula: Croatia `18<\/li>\n\n\n\n<li>Club Trial Athens: Greece `21<\/li>\n\n\n\n<li>Club Trial Istanbul: Turkey `22<\/li>\n\n\n\n<li>Club Trial Istanbul: Turkey `23<\/li>\n\n\n\n<li>CACT Zapolarja Murmansk: Russian Federation `24<\/li>\n\n\n\n<li>Club Trial Laport Indiana: USA `24<\/li>\n\n\n\n<li>Club Trial Milwaukee Wiscinsin: USA `24<\/li>\n\n\n\n<li>Club Trial Winnebago Illinois: USA `24<\/li>\n<\/ol>\n\n\n\n<p><strong>International seminars for working dog judges:<\/strong><\/p>\n\n\n\n<ol class=\"wp-block-list\">\n<li>1998 &#8211; FCI\u00a0&#8211; Salzburg-\u0410<\/li>\n\n\n\n<li>2002\u00a0&#8211; FCI\u00a0&#8211; Salzburg-A<\/li>\n\n\n\n<li>2005\u00a0&#8211; WUSV\u00a0&#8211; Kassel-D<\/li>\n\n\n\n<li>2006\u00a0&#8211; FCI\u00a0&#8211; Nova Gorica-SLO<\/li>\n\n\n\n<li>2007\u00a0&#8211; FCI\u00a0&#8211;  Lunen-D<\/li>\n\n\n\n<li>2008\u00a0&#8211; FCI\u00a0&#8211; Nova Gorica-SLO<\/li>\n\n\n\n<li>2008\u00a0&#8211; WUSV\u00a0&#8211; Darmstadt-D<\/li>\n\n\n\n<li>2009\u00a0&#8211; FCI\u00a0&#8211; Hemer-D<\/li>\n\n\n\n<li>2010\u00a0&#8211; WUSV\u00a0&#8211; Darmstad-D<\/li>\n\n\n\n<li>2010\u00a0&#8211; FCI\u00a0&#8211; Madrid-E<\/li>\n\n\n\n<li>2011\u00a0&#8211; FCI\u00a0&#8211; Breda-NL<\/li>\n\n\n\n<li>2013\u00a0&#8211; FCI\u00a0&#8211; Nova Gorica-SLO<\/li>\n\n\n\n<li>2015\u00a0&#8211; FCI\u00a0&#8211; Nova Gorica-SLO<\/li>\n\n\n\n<li>2017\u00a0&#8211; WUSV\u00a0&#8211; Augsburg-D<\/li>\n\n\n\n<li>2018\u00a0&#8211; FCI\u00a0&#8211; Nova Gorica-SLO<\/li>\n\n\n\n<li>2019\u00a0&#8211; FCI\u00a0&#8211; Nova Gorica-SLO<\/li>\n\n\n\n<li>2020\u00a0&#8211; FCI\u00a0&#8211; Biedermannsdorf-A<\/li>\n\n\n\n<li>2023\u00a0&#8211; FCI\u00a0&#8211; Caserta-IT<\/li>\n\n\n\n<li>2024\u00a0&#8211; FCI\u00a0&#8211; Biedermannsdorf-A<\/li>\n<\/ol>\n\n\n\n<p><strong>National seminars for working dog judges:<\/strong><\/p>\n\n\n\n<ol class=\"wp-block-list\">\n<li>2000\u00a0&#8211; Buszak-H<\/li>\n\n\n\n<li>2005\u00a0&#8211; Grosuplje-SLO<\/li>\n\n\n\n<li>2005\u00a0&#8211; Dom\u017eale-SLO<\/li>\n\n\n\n<li>2006\u00a0&#8211; Vitovlje-SLO<\/li>\n\n\n\n<li>2008\u00a0&#8211; Alpha-USA<\/li>\n\n\n\n<li>2010\u00a0&#8211; Grosuplje-SLO<\/li>\n<\/ol>\n\n\n\n<p><strong>International<\/strong><strong> <\/strong><strong>and<\/strong><strong> <\/strong><strong>national helper seminars<\/strong><strong>:<\/strong><\/p>\n\n\n\n<ol class=\"wp-block-list\">\n<li>1996\u00a0&#8211; Belgrade<\/li>\n\n\n\n<li>1996\u00a0&#8211; Belgrade<\/li>\n\n\n\n<li>1998\u00a0&#8211; Belgrade<\/li>\n\n\n\n<li>1999\u00a0&#8211; Belgrade<\/li>\n\n\n\n<li>2000\u00a0&#8211; Pan\u010devo<\/li>\n\n\n\n<li>2003\u00a0&#8211;  Ba\u010dka Palanka<\/li>\n\n\n\n<li>2005\u00a0&#8211; Ba\u010dka Palanka<\/li>\n\n\n\n<li>2007\u00a0&#8211; Vitovlje, SLO<\/li>\n\n\n\n<li>2008\u00a0&#8211; Alpha, ILL, USA<\/li>\n\n\n\n<li>2017\u00a0&#8211; Ajdov\u0161\u010dina, SLO<\/li>\n\n\n\n<li>2019\u00a0&#8211; Bora\u010d<\/li>\n\n\n\n<li>2020\u00a0&#8211; Odra, CRO<\/li>\n\n\n\n<li>2024\u00a0&#8211; Zaje\u010dar-Rgotina<\/li>\n<\/ol>\n\n\n\n<p><strong>Dog sport personnel seminars<\/strong><strong>:<\/strong><\/p>\n\n\n\n<ul class=\"wp-block-list\">\n<li>2023: Dog Sport Expert Personnel Education Seminar &#8211; Kennel Club of Slovenia.<\/li>\n<\/ul>\n\n\n\n<p><strong>Competition results<\/strong><strong>:<\/strong><strong><\/strong><\/p>\n\n\n\n<ul class=\"wp-block-list\">\n<li>Since 1990 an active competitor with over 160 national and international participations and 17 for the national team of Yugoslavia and Serbia.<\/li>\n\n\n\n<li>1994, 1995, 1996, 1997, 1998: Yugoslavian Working Dog CH with GSD Ello von der Stockheimer Allee.<\/li>\n\n\n\n<li>1995: Participated at World cup &#8211; Wolstad Cup CACIT, NL.<\/li>\n\n\n\n<li>1996: Participated at World cup &#8211; Wolstad Cup CACIT, NL.<\/li>\n\n\n\n<li>1996: Passed rescue dog &#8211; avalanche search trial I and II &#8211; Golija, SRB.<\/li>\n\n\n\n<li>1996: Passed rescue dog &#8211; rubble search trial &#8211; Ko\u0161ice, SK.<\/li>\n\n\n\n<li>1997: Participated at World cup &#8211; Wolstad Cup CACIT, NL.<\/li>\n\n\n\n<li>1997: Participated at World Championship for Working Dogs &#8211; Nitra, SK.<\/li>\n\n\n\n<li>1998: Participated at World Championship for Working Dogs &#8211; Meppen, D.<\/li>\n\n\n\n<li>2002: Universal Winner (Universal Sieger) \u0410NOJ with female Westie vom Kirschental.<\/li>\n\n\n\n<li>2003: Working Dog Champion of Serbia and Montenegro with GSD Westie vom Kirschental.<strong><br><\/strong><\/li>\n<\/ul>\n\n\n\n<p><strong>Achievements<\/strong><strong> <\/strong><strong>in<\/strong><strong> <\/strong><strong>educational<\/strong><strong> <\/strong><strong>activities<\/strong><strong>:<\/strong><strong><\/strong><\/p>\n\n\n\n<p><strong>Lecturer<\/strong><strong> <\/strong><strong>&#8211; general<\/strong><strong> <\/strong><strong>and<\/strong><strong> <\/strong><strong>specialized<\/strong><strong> <\/strong><strong>national <\/strong><strong>seminars<\/strong><strong>, lectures, workshops<\/strong><strong>:<\/strong><\/p>\n\n\n\n<ol class=\"wp-block-list\">\n<li>1999: First independent helper seminar &#8211; KDVSP &#8211; Belgrade<\/li>\n\n\n\n<li>2001: Round table \u201eCynology yesterday, today, and tomorrow\u201c &#8211; Belgrade<\/li>\n\n\n\n<li>2004: First seminar for track layers \u2013 Zaje\u010dar<\/li>\n\n\n\n<li>2005: Lecture \u201eDog Senses-their Experiences\u201c &#8211; Rotaract &#8211; Belgrade<\/li>\n\n\n\n<li>2005: Lecture \u201eSocialization of Dogs \u201c &#8211; KSK \u201eKraljevica\u201c, Zaje\u010dar<\/li>\n\n\n\n<li>2007: Lecture \u201ePersonal Management in Sport\u201c &#8211; 25 years in cynology &#8211; Belgrade<\/li>\n\n\n\n<li>2009: Lecture \u201eGuide Dog Training Center\u201c &#8211; Petrovaradin<\/li>\n\n\n\n<li>2014: Lecture \u201eGuide Dog Training Center\u201c &#8211; SRB Association of Blind People &#8211; Belgrade<\/li>\n\n\n\n<li>2016: Seminar \u201ePolice Dogs\u201c &#8211; Ministry of Finance Customs Department \u2013 Belgrade<\/li>\n\n\n\n<li>2017: PPT \u201ePersons with Disabilities and IPO Sport\u201c &#8211; FCI &#8211; Rheine &#8211; Germany<\/li>\n\n\n\n<li>2018: Lecture \u201eOratorium for IPO\u201c &#8211; Dog Sport Club \u0160umadija &amp; Singidunum Belgrade<\/li>\n\n\n\n<li>2019: Lecture \u201eReason for and Ways of Getting a Dog \u201c &#8211; Municipality Vra\u010dar &#8211; Belgrade<\/li>\n\n\n\n<li>2020: Lecture \u201eRequiem for IPO &#8211; Oratorium for IGP\u201c &#8211; Working Dog Fan Club &#8211; Futog<\/li>\n\n\n\n<li>2021: Lecture \u201eFCI IGP Competition Rules and Judge\u2019s Angle\u201d &#8211; Kragujevac<\/li>\n\n\n\n<li>2023: Lecture \u201eBiological Odor Detector\u201d &#8211; I National Seminar S&amp;R &#8211; Lu\u010dani<\/li>\n\n\n\n<li>2023: Lecture \u201e4 Paws Samaritans &#8211; Dogs &amp; Emergencies\u201d &#8211; Ministry of Defence SRB<\/li>\n\n\n\n<li>2023: Lecture \u201eRole &amp; Development of Rescue Dogs\u201d 2<sup>nd<\/sup> National S&amp;R Seminar Belgrade<\/li>\n\n\n\n<li>2024: Lecture \u201eService Dog Exposure to TNT Consequence Analysis\u201c Ministry of Defence SRB<\/li>\n\n\n\n<li>2024: Lecture \u201eRescue Dogs-Selection-Preparation-Use\u201cMinistry of Defence SRB<\/li>\n<\/ol>\n\n\n\n<p><strong>Lecturer<\/strong><strong>&#8211;<\/strong><strong>general<\/strong><strong> <\/strong><strong>and<\/strong><strong> <\/strong><strong>specialized<\/strong><strong> <\/strong><strong>seminars<\/strong><strong>, <\/strong><strong>lectures<\/strong><strong>, <\/strong><strong>workshops<\/strong><strong> <\/strong><strong>abroad<\/strong><strong>:<\/strong><\/p>\n\n\n\n<ol class=\"wp-block-list\">\n<li>2008: Lecture for judges and competitors \u201eOur Communications\u201c- Ajdov\u0161\u010dina, SLO<\/li>\n\n\n\n<li>2009: Helper Seminar &#8211; ACKIDS, Istanbul, TR<\/li>\n\n\n\n<li>2017: Lecture \u201ePersons with Disabilities and IPO Sport\u201c &#8211; FCI &#8211; Rheine &#8211; Germany<\/li>\n\n\n\n<li>2018: Lecture \u201eOratorium for IPO \u201c &#8211; Belgian Shepherd Club Istrijan &#8211; Pula &#8211; CRO<\/li>\n\n\n\n<li>2018: Lecture \u201eWhat Actually IPO is\u201c &#8211; Dog Sport Club \u201eWizard\u201c &#8211; Zagreb &#8211; CRO<\/li>\n\n\n\n<li>2023: Lecture \u201eQuo Wadis Canis Lupus Familiaris\u201d 3<sup>rd<\/sup> Conference of Indigo Ass.- Zagreb<\/li>\n<\/ol>\n\n\n\n<p><strong>Special<\/strong><strong> <\/strong><strong>accomplishments<\/strong><strong>:<\/strong><strong><\/strong><\/p>\n\n\n\n<ul class=\"wp-block-list\">\n<li>1990 and on: Publishing expert and journalistic articles in following: &#8220;\u017divot pasa&#8221;, &#8220;Zov&#8221;, &#8220;Moj pas&#8221;, &#8220;Policajac&#8221;, &#8220;Svet pasa&#8221;, &#8220;NO magazin&#8221;, &#8220;Natura&#8221;, \u201ePe\u010dat\u201c.<\/li>\n\n\n\n<li>1994-1997: In cooreperation with Uglje\u0161a Stan\u010di\u0107 and Bojan Kirovski, managed School for Training Police, Hunting and Sport Dogs &#8220;Ming-Norot&#8221; in Belgrade, with 40 trained dogs.<\/li>\n\n\n\n<li>1996: Within monograph edition \u201eMore than Sport\u201c published in honor of 50 years of Sport Association \u201eMilicionar\u201c, author of chapter on development of police dogs in Yugoslavia, titled HOMMO ET CANUS.<\/li>\n\n\n\n<li>1999 and on: Within \u201eKa\u010dari\u201c LTD, manages organizational department of Research and Documentation of Working Dogs Institute, involved in collecting, documenting, and scientific research from the domain of working dogs (history, training, accomplishments, zoo-psychology\/behaviorism, management).<\/li>\n\n\n\n<li>2001: Initiator and first president of YU Working Dogs Competitors Council.<\/li>\n\n\n\n<li>2002: Initiator of forming Association of Helpers of YU Kennel Club.<\/li>\n\n\n\n<li>2011: 6th Int Scientific Conference \u201eRisk and Security Engineering\u201c &#8211; \u201eBiological Detector of Uncontrolled Leakage of Natural Gas &#8211; Dog (Canis Familiaris)\u201d.<\/li>\n\n\n\n<li>2016: 3rd International conference ICOM SEE, with Milivoje Uro\u0161evi\u0107, PhD, and Darko Drobnjak, dr Vet med, &#8211; \u201eProtection of Natural Heritage &#8211; Presentation of Autochthonous Breeds of Domestic Animals\u201d.<\/li>\n\n\n\n<li>2011 and on: Within Cynology Academy and Cynology Section of the Student Parliament of the Faculty of Veterinary Science of University of Belgrade, teaches four topics (Socialization, Behavior, Upbringing of Dogs; Basis of Training and Performance of Working Dogs; Management of a Judge, and Practical Training of Dogs).<\/li>\n\n\n\n<li>2021-2023: Head of Police Training Center for Dog Handlers and Police Dogs of the Republic of Serbia Ministry of Interior.<\/li>\n<\/ul>\n\n\n\n<p><strong>Acknowledgements and awards<\/strong><strong>:<\/strong><strong><\/strong><\/p>\n\n\n\n<ul class=\"wp-block-list\">\n<li>1992, 1993, 1994, 1995, 1996, 1997: Sportsman of the Year of Service Dog Trainer and Handler Club \u201eMilicionar\u201c of Sport Association \u201eMilicionar\u201c, Republic of Serbia Ministry of Interior<\/li>\n\n\n\n<li>1995: Silver pin for Merits of Kennel Association of Serbia<\/li>\n\n\n\n<li>1996: Gold Plaque \u00a0Sport Association \u201eMilicionar\u201c<\/li>\n\n\n\n<li>1996: Memorial pin of Kennel Club of Slovenia<\/li>\n\n\n\n<li>1996: Recognition of Police Dog Training School, Biebrich-Wiesbaden, D<\/li>\n\n\n\n<li>1997: Police pin \u041a-9, Michigan, USA<\/li>\n\n\n\n<li>1998: Award of Republic of Serbia Ministry of Interior for training presentation &#8211; \u201eSecurity in Ada\u201c<\/li>\n\n\n\n<li>2003: Gold pin of Kennel Club Kragujevac<\/li>\n\n\n\n<li>2006: Gold pin for Merits of Kennel Club of Serbia and Montenegro<\/li>\n\n\n\n<li>2007: Cooperation Acknowledgement of Kennel Club of Slovenia<\/li>\n\n\n\n<li>2008: Honorable pin Sheriff\u2019s Department of Rock Island, ILL, USA<\/li>\n\n\n\n<li>2021: Honorable title Doyen of the Utility Dog Sports and FCI Utility Dogs Commission<\/li>\n<\/ul>\n","protected":false},"excerpt":{"rendered":"<p>Active in canine sports since 1980. Bachelor degree: Organizational prerequisites for introducing modern system of management into kennel organization of Yugoslavia Master degree: Organizational culture &#8211; model of kennel organization of Serbia PhD degree: Establishing standards and managing educational processes for working dog judges with aim of preserving and developing canine sport management Member of: [&hellip;]<\/p>\n","protected":false},"author":1,"featured_media":1085,"parent":0,"menu_order":0,"comment_status":"closed","ping_status":"closed","template":"","meta":{"footnotes":""},"class_list":["post-613","page","type-page","status-publish","hentry"],"_links":{"self":[{"href":"https:\/\/www.fciigp2025.com\/index.php?rest_route=\/wp\/v2\/pages\/613","targetHints":{"allow":["GET"]}}],"collection":[{"href":"https:\/\/www.fciigp2025.com\/index.php?rest_route=\/wp\/v2\/pages"}],"about":[{"href":"https:\/\/www.fciigp2025.com\/index.php?rest_route=\/wp\/v2\/types\/page"}],"author":[{"embeddable":true,"href":"https:\/\/www.fciigp2025.com\/index.php?rest_route=\/wp\/v2\/users\/1"}],"replies":[{"embeddable":true,"href":"https:\/\/www.fciigp2025.com\/index.php?rest_route=%2Fwp%2Fv2%2Fcomments&post=613"}],"version-history":[{"count":4,"href":"https:\/\/www.fciigp2025.com\/index.php?rest_route=\/wp\/v2\/pages\/613\/revisions"}],"predecessor-version":[{"id":1084,"href":"https:\/\/www.fciigp2025.com\/index.php?rest_route=\/wp\/v2\/pages\/613\/revisions\/1084"}],"wp:featuredmedia":[{"embeddable":true,"href":"https:\/\/www.fciigp2025.com\/index.php?rest_route=\/wp\/v2\/media\/1085"}],"wp:attachment":[{"href":"https:\/\/www.fciigp2025.com\/index.php?rest_route=%2Fwp%2Fv2%2Fmedia&parent=613"}],"curies":[{"name":"wp","href":"https:\/\/api.w.org\/{rel}","templated":true}]}}