{"id":618,"date":"2025-01-02T20:40:42","date_gmt":"2025-01-02T20:40:42","guid":{"rendered":"https:\/\/www.fciigp2025.com\/?page_id=618"},"modified":"2025-01-02T20:56:51","modified_gmt":"2025-01-02T20:56:51","slug":"r-markschlager-es","status":"publish","type":"page","link":"https:\/\/www.fciigp2025.com\/?page_id=618&lang=es","title":{"rendered":"R. Markschl\u00e4ger"},"content":{"rendered":"<div class=\"wp-block-image is-style-rounded\">\n<figure class=\"alignleft size-large is-resized\"><img loading=\"lazy\" decoding=\"async\" width=\"1024\" height=\"1024\" src=\"https:\/\/www.fciigp2025.com\/wp-content\/uploads\/2024\/11\/image-18-1024x1024.png\" alt=\"\" class=\"wp-image-371\" style=\"object-fit:cover;width:78px;height:auto\" srcset=\"https:\/\/www.fciigp2025.com\/wp-content\/uploads\/2024\/11\/image-18-1024x1024.png 1024w, https:\/\/www.fciigp2025.com\/wp-content\/uploads\/2024\/11\/image-18-300x300.png 300w, https:\/\/www.fciigp2025.com\/wp-content\/uploads\/2024\/11\/image-18-150x150.png 150w, https:\/\/www.fciigp2025.com\/wp-content\/uploads\/2024\/11\/image-18-768x768.png 768w, https:\/\/www.fciigp2025.com\/wp-content\/uploads\/2024\/11\/image-18-1536x1536.png 1536w, https:\/\/www.fciigp2025.com\/wp-content\/uploads\/2024\/11\/image-18-2048x2048.png 2048w\" sizes=\"auto, (max-width: 1024px) 100vw, 1024px\" \/><\/figure>\n<\/div>\n\n\n<p><\/p>\n\n\n\n<p><em>Estimado\/a se\u00f1or\/a, estimados\/as gu\u00edas caninos y amigos del deporte de los perros de trabajo:<\/em><\/p>\n\n\n\n<p><em>Es un gran placer para m\u00ed que visitemos Espa\u00f1a por primera vez con nuestro Campeonato Mundial de Perros de Utilidad. Organizar este campeonato mundial, que es el evento m\u00e1s importante del mundo en el deporte de los perros de utilidad, representa un gran desaf\u00edo. Contamos con un equipo muy comprometido en Espa\u00f1a que ya ha dedicado mucho esfuerzo a la preparaci\u00f3n. Estoy convencido de que tendremos un campeonato mundial muy bien organizado.<\/em><\/p>\n\n\n\n<p><em>Adem\u00e1s de la competici\u00f3n deportiva, este evento ofrece la oportunidad de un intercambio internacional de experiencias, el fortalecimiento de amistades y la formaci\u00f3n de nuevos lazos entre personas con intereses similares.<\/em><\/p>\n\n\n\n<p><em>Junto a las actividades deportivas, tambi\u00e9n deber\u00eda haber tiempo para visitar los lugares de inter\u00e9s de la ciudad y sus alrededores. Espa\u00f1a tiene mucho que ofrecer. Aprovechen estos d\u00edas para disfrutar de la belleza de la regi\u00f3n.<\/em><\/p>\n\n\n\n<p><em>El deporte de los perros de utilidad es una actividad ideal para nuestras razas de perros de trabajo. \u00a1Los perros necesitan actividades adecuadas a su especie! Solo los perros ocupados pueden ser perros felices. Debido a la variedad de estas pruebas \u2014trabajo de olfato, armon\u00eda entre el perro y el gu\u00eda, y control en un comportamiento de alta motivaci\u00f3n\u2014, se requieren grandes exigencias tanto en la disposici\u00f3n de los perros como en el entrenamiento por parte de los gu\u00edas. Es la m\u00e1xima disciplina en los deportes caninos.<\/em><\/p>\n\n\n\n<p><em>El deporte de los perros de utilidad enfrenta cr\u00edticas infundadas, especialmente en Europa Central. Sin embargo, este deporte es la base para mantener y seguir mejorando las caracter\u00edsticas de los perros de trabajo. Queremos perros compatibles socialmente, con caracter\u00edsticas de trabajo, que sean adecuados tanto como perros de familia como perros de servicio y rescate.<\/em><\/p>\n\n\n\n<p><em>La preparaci\u00f3n de un campeonato mundial implica un gran esfuerzo y requiere la ayuda de muchos voluntarios. Me gustar\u00eda agradecer a la Asociaci\u00f3n Cinol\u00f3gica Espa\u00f1ola y a todo el equipo por la preparaci\u00f3n y realizaci\u00f3n de este campeonato mundial.<\/em><\/p>\n\n\n\n<p><em>Deseo mucho \u00e9xito a los participantes que se clasificaron para este campeonato mundial en las selecciones nacionales. Estoy convencido de que nuestros jueces experimentados garantizar\u00e1n una competici\u00f3n deportiva justa.<\/em><\/p>\n\n\n\n<p><em>Por lo tanto, les deseo a todos una estancia agradable en Espa\u00f1a, que quedar\u00e1 como un recuerdo grato por mucho tiempo.<\/em><\/p>\n\n\n\n<div style=\"height:100px\" aria-hidden=\"true\" class=\"wp-block-spacer\"><\/div>\n\n\n<div class=\"wp-block-image is-style-rounded\">\n<figure class=\"aligncenter size-medium\"><img loading=\"lazy\" decoding=\"async\" width=\"201\" height=\"300\" src=\"https:\/\/www.fciigp2025.com\/wp-content\/uploads\/2024\/11\/Robert-Markschlager-201x300.jpg\" alt=\"\" class=\"wp-image-182\" style=\"aspect-ratio:3\/4;object-fit:cover\" srcset=\"https:\/\/www.fciigp2025.com\/wp-content\/uploads\/2024\/11\/Robert-Markschlager-201x300.jpg 201w, https:\/\/www.fciigp2025.com\/wp-content\/uploads\/2024\/11\/Robert-Markschlager-686x1024.jpg 686w, https:\/\/www.fciigp2025.com\/wp-content\/uploads\/2024\/11\/Robert-Markschlager-768x1146.jpg 768w, https:\/\/www.fciigp2025.com\/wp-content\/uploads\/2024\/11\/Robert-Markschlager-1029x1536.jpg 1029w, https:\/\/www.fciigp2025.com\/wp-content\/uploads\/2024\/11\/Robert-Markschlager.jpg 1072w\" sizes=\"auto, (max-width: 201px) 100vw, 201px\" \/><\/figure>\n<\/div>\n\n\n<div style=\"height:36px\" aria-hidden=\"true\" class=\"wp-block-spacer\"><\/div>\n\n\n\n<p class=\"has-text-align-center\"><strong>Robert Markschl\u00e4ger<\/strong><\/p>\n\n\n\n<p class=\"has-text-align-center\"><strong>Presidente de la Comisi\u00f3n de Perros de Trabajo de la FCI<\/strong><\/p>\n","protected":false},"excerpt":{"rendered":"<p>Estimado\/a se\u00f1or\/a, estimados\/as gu\u00edas caninos y amigos del deporte de los perros de trabajo: Es un gran placer para m\u00ed que visitemos Espa\u00f1a por primera vez con nuestro Campeonato Mundial de Perros de Utilidad. Organizar este campeonato mundial, que es el evento m\u00e1s importante del mundo en el deporte de los perros de utilidad, representa [&hellip;]<\/p>\n","protected":false},"author":1,"featured_media":537,"parent":0,"menu_order":0,"comment_status":"closed","ping_status":"closed","template":"","meta":{"footnotes":""},"class_list":["post-618","page","type-page","status-publish","hentry"],"_links":{"self":[{"href":"https:\/\/www.fciigp2025.com\/index.php?rest_route=\/wp\/v2\/pages\/618","targetHints":{"allow":["GET"]}}],"collection":[{"href":"https:\/\/www.fciigp2025.com\/index.php?rest_route=\/wp\/v2\/pages"}],"about":[{"href":"https:\/\/www.fciigp2025.com\/index.php?rest_route=\/wp\/v2\/types\/page"}],"author":[{"embeddable":true,"href":"https:\/\/www.fciigp2025.com\/index.php?rest_route=\/wp\/v2\/users\/1"}],"replies":[{"embeddable":true,"href":"https:\/\/www.fciigp2025.com\/index.php?rest_route=%2Fwp%2Fv2%2Fcomments&post=618"}],"version-history":[{"count":3,"href":"https:\/\/www.fciigp2025.com\/index.php?rest_route=\/wp\/v2\/pages\/618\/revisions"}],"predecessor-version":[{"id":633,"href":"https:\/\/www.fciigp2025.com\/index.php?rest_route=\/wp\/v2\/pages\/618\/revisions\/633"}],"wp:featuredmedia":[{"embeddable":true,"href":"https:\/\/www.fciigp2025.com\/index.php?rest_route=\/wp\/v2\/media\/537"}],"wp:attachment":[{"href":"https:\/\/www.fciigp2025.com\/index.php?rest_route=%2Fwp%2Fv2%2Fmedia&parent=618"}],"curies":[{"name":"wp","href":"https:\/\/api.w.org\/{rel}","templated":true}]}}