{"id":76,"date":"2024-11-21T19:56:47","date_gmt":"2024-11-21T19:56:47","guid":{"rendered":"https:\/\/www.fciigp2025.com\/?page_id=76"},"modified":"2025-08-13T19:06:41","modified_gmt":"2025-08-13T19:06:41","slug":"judges","status":"publish","type":"page","link":"https:\/\/www.fciigp2025.com\/?page_id=76","title":{"rendered":"Judges"},"content":{"rendered":"\n<p class=\"has-text-align-center has-vivid-cyan-blue-color has-text-color has-link-color has-medium-font-size wp-elements-5c75ede5c2764d94b2adc391b5509366\"><a href=\"https:\/\/www.fciigp2025.com\/?page_id=533\" data-type=\"page\" data-id=\"533\">Supervisor B\/C &#8211; Mr. Robert Markschl\u00e4ger (Austria)<\/a> <a href=\"https:\/\/www.fciigp2025.com\/?page_id=533\"><img loading=\"lazy\" decoding=\"async\" width=\"25\" height=\"25\" class=\"wp-image-575\" style=\"width: 25px;\" src=\"https:\/\/www.fciigp2025.com\/wp-content\/uploads\/2024\/12\/image-2.png\" alt=\"\"><\/a><a href=\"https:\/\/www.fciigp2025.com\/?page_id=533\"><\/a><\/p>\n\n\n\n<p class=\"has-text-align-center has-vivid-cyan-blue-color has-text-color has-link-color has-medium-font-size wp-elements-0faaa65e3939b79c2b4c05b2a60801e7\"><a href=\"https:\/\/www.fciigp2025.com\/?page_id=544\" data-type=\"page\" data-id=\"544\">Tracking supervisor &#8211; Nenad Milojevi\u0107 (Serbia)<\/a> <a href=\"https:\/\/www.fciigp2025.com\/?page_id=544\"><img loading=\"lazy\" decoding=\"async\" width=\"25\" height=\"25\" class=\"wp-image-575\" style=\"width: 25px;\" src=\"https:\/\/www.fciigp2025.com\/wp-content\/uploads\/2024\/12\/image-2.png\" alt=\"\"><\/a><\/p>\n\n\n\n<div style=\"height:37px\" aria-hidden=\"true\" class=\"wp-block-spacer\"><\/div>\n\n\n\n<p class=\"has-text-align-center has-vivid-cyan-blue-color has-text-color has-link-color has-medium-font-size wp-elements-3c40bb2d00681c7d164fa7918a7aa74a\"><a href=\"https:\/\/www.fciigp2025.com\/?page_id=519\">A &#8211; Roar Kj\u00f8nstad (Norway)<\/a> <a href=\"https:\/\/www.fciigp2025.com\/?page_id=519\"><img loading=\"lazy\" decoding=\"async\" width=\"25\" height=\"25\" class=\"wp-image-575\" style=\"width: 25px;\" src=\"https:\/\/www.fciigp2025.com\/wp-content\/uploads\/2024\/12\/image-2.png\" alt=\"\"><\/a><\/p>\n\n\n\n<p class=\"has-text-align-center has-vivid-cyan-blue-color has-text-color has-link-color has-medium-font-size wp-elements-d580e21b8890973bafc00b2997e31b02\"><a href=\"https:\/\/www.fciigp2025.com\/?page_id=526\">B &#8211; Clemente Grosso (Italy)<\/a> <a href=\"https:\/\/www.fciigp2025.com\/?page_id=526\"><img loading=\"lazy\" decoding=\"async\" width=\"25\" height=\"25\" class=\"wp-image-575\" style=\"width: 25px;\" src=\"https:\/\/www.fciigp2025.com\/wp-content\/uploads\/2024\/12\/image-2.png\" alt=\"\"><\/a><\/p>\n\n\n\n<p class=\"has-text-align-center has-vivid-cyan-blue-color has-text-color has-link-color has-medium-font-size wp-elements-18c30c20e7999f4c16f249c169d03b51\"><a href=\"https:\/\/www.fciigp2025.com\/?page_id=1248\" data-type=\"page\" data-id=\"1248\">B: Down under distraction &#8211; Miguel Velasco (Spain)<\/a> <a href=\"https:\/\/www.fciigp2025.com\/?page_id=1248\" data-type=\"page\" data-id=\"1248\"><img loading=\"lazy\" decoding=\"async\" width=\"25\" height=\"25\" class=\"wp-image-575\" style=\"width: 25px;\" src=\"https:\/\/www.fciigp2025.com\/wp-content\/uploads\/2024\/12\/image-2.png\" alt=\"\"><\/a><\/p>\n\n\n\n<p class=\"has-text-align-center has-vivid-cyan-blue-color has-text-color has-link-color has-medium-font-size wp-elements-8b8b01eca6dbee0bd59b51428eca2e9d\"><a href=\"https:\/\/www.fciigp2025.com\/?page_id=638\" data-type=\"page\" data-id=\"638\">C &#8211; Hari Ar\u010don (Slovenia)<\/a> <a href=\"https:\/\/www.fciigp2025.com\/?page_id=638\" data-type=\"page\" data-id=\"638\"><img loading=\"lazy\" decoding=\"async\" width=\"25\" height=\"25\" class=\"wp-image-575\" style=\"width: 25px;\" src=\"https:\/\/www.fciigp2025.com\/wp-content\/uploads\/2024\/12\/image-2.png\" alt=\"\"><\/a><\/p>\n\n\n\n<div style=\"height:45px\" aria-hidden=\"true\" class=\"wp-block-spacer\"><\/div>\n","protected":false},"excerpt":{"rendered":"<p>Supervisor B\/C &#8211; Mr. Robert Markschl\u00e4ger (Austria) Tracking supervisor &#8211; Nenad Milojevi\u0107 (Serbia) A &#8211; Roar Kj\u00f8nstad (Norway) B &#8211; Clemente Grosso (Italy) B: Down under distraction &#8211; Miguel Velasco (Spain) C &#8211; Hari Ar\u010don (Slovenia)<\/p>\n","protected":false},"author":1,"featured_media":317,"parent":0,"menu_order":0,"comment_status":"closed","ping_status":"closed","template":"","meta":{"footnotes":""},"class_list":["post-76","page","type-page","status-publish","hentry"],"_links":{"self":[{"href":"https:\/\/www.fciigp2025.com\/index.php?rest_route=\/wp\/v2\/pages\/76","targetHints":{"allow":["GET"]}}],"collection":[{"href":"https:\/\/www.fciigp2025.com\/index.php?rest_route=\/wp\/v2\/pages"}],"about":[{"href":"https:\/\/www.fciigp2025.com\/index.php?rest_route=\/wp\/v2\/types\/page"}],"author":[{"embeddable":true,"href":"https:\/\/www.fciigp2025.com\/index.php?rest_route=\/wp\/v2\/users\/1"}],"replies":[{"embeddable":true,"href":"https:\/\/www.fciigp2025.com\/index.php?rest_route=%2Fwp%2Fv2%2Fcomments&post=76"}],"version-history":[{"count":54,"href":"https:\/\/www.fciigp2025.com\/index.php?rest_route=\/wp\/v2\/pages\/76\/revisions"}],"predecessor-version":[{"id":1254,"href":"https:\/\/www.fciigp2025.com\/index.php?rest_route=\/wp\/v2\/pages\/76\/revisions\/1254"}],"wp:featuredmedia":[{"embeddable":true,"href":"https:\/\/www.fciigp2025.com\/index.php?rest_route=\/wp\/v2\/media\/317"}],"wp:attachment":[{"href":"https:\/\/www.fciigp2025.com\/index.php?rest_route=%2Fwp%2Fv2%2Fmedia&parent=76"}],"curies":[{"name":"wp","href":"https:\/\/api.w.org\/{rel}","templated":true}]}}