{"id":857,"date":"2025-07-09T08:59:57","date_gmt":"2025-07-09T08:59:57","guid":{"rendered":"https:\/\/www.fciigp2025.com\/?page_id=857"},"modified":"2025-07-16T13:27:06","modified_gmt":"2025-07-16T13:27:06","slug":"alojamiento","status":"publish","type":"page","link":"https:\/\/www.fciigp2025.com\/?page_id=857&lang=es","title":{"rendered":"Alojamiento"},"content":{"rendered":"\n<p>\u00a1Bienvenidos a Vitoria-Gasteiz! Mientras os prepar\u00e1is para el Campeonato Mundial FCI &#8211; IGP 2025, entendemos que encontrar un alojamiento c\u00f3modo y conveniente es una prioridad. Vitoria-Gasteiz ofrece una amplia gama de opciones para satisfacer todas las necesidades y presupuestos, desde encantadores hoteles boutique en el casco antiguo hasta modernos establecimientos con todas las comodidades.<\/p>\n\n\n\n<p>Os animamos a explorar la diversa oferta y a reservar vuestra estancia con suficiente antelaci\u00f3n para asegurar la mejor selecci\u00f3n.<\/p>\n\n\n\n<h4 class=\"wp-block-heading\">Descuento especial en Apartahotel Libere Vitoria-Gasteiz<\/h4>\n\n\n\n<p>\u00a1Tenemos una excelente noticia para los participantes del Campeonato Mundial FCI &#8211; IGP 2025! El <strong>Apartahotel Libere Vitoria-Gasteiz<\/strong> ofrece un <strong>descuento exclusivo del 10%<\/strong> en sus tarifas flexible y no reembolsable, para que tu estancia en Vitoria-Gasteiz sea a\u00fan m\u00e1s c\u00f3moda y econ\u00f3mica.<\/p>\n\n\n\n<p>\u00bfC\u00f3mo aprovechar el descuento? Es muy sencillo. Sigue estos pasos:<\/p>\n\n\n\n<ol start=\"1\" class=\"wp-block-list\">\n<li><a href=\"https:\/\/www.staylibere.com\/es\/apartahoteles\/libere-vitoria\" target=\"_blank\" rel=\"noreferrer noopener\" class=\"has-vivid-cyan-blue-color\">Haz clic aqu\u00ed<\/a> para acceder a la web del Apartahotel Libere Vitoria-Gasteiz<\/li>\n\n\n\n<li>Introduce las <strong>fechas deseadas para tu estancia<\/strong> (recuerda que el descuento es v\u00e1lido para estancias <strong>entre el 15 y el 21 de septiembre de 2025<\/strong>).<\/li>\n\n\n\n<li>En la secci\u00f3n <strong>&#8220;Promos y Tarifas&#8221;<\/strong>, introduce el c\u00f3digo: <strong>LIBEREFCIIGP2025<\/strong><\/li>\n\n\n\n<li>Haz clic en la lupa para buscar disponibilidad y precios.<\/li>\n\n\n\n<li>Selecciona el apartamento y la tarifa que mejor se adapten a tus necesidades.<\/li>\n<\/ol>\n\n\n\n<p><strong>Importante:<\/strong> El c\u00f3digo de descuento <strong>LIBEREFCIIGP2025<\/strong> estar\u00e1 activo desde el <strong>15 de julio hasta el 15 de septiembre de 2025<\/strong>. Este descuento no es acumulable a otras promociones.<\/p>\n\n\n\n<p>\u00a1No dejes pasar esta oportunidad y reserva tu alojamiento con antelaci\u00f3n para asegurar tu plaza y disfrutar de tu estancia en Vitoria-Gasteiz!<\/p>\n\n\n\n<h4 class=\"wp-block-heading\">Otras opciones de alojamiento<\/h4>\n\n\n\n<div style=\"height:31px\" aria-hidden=\"true\" class=\"wp-block-spacer\"><\/div>\n\n\n\n<p class=\"has-text-align-left has-vivid-cyan-blue-color has-text-color has-link-color wp-elements-53cd3a17c4365a73357e3760d8ec26a1\" style=\"text-decoration:underline\"><a href=\"https:\/\/www.vitoria-gasteiz.org\/wb021\/was\/contenidoAction.do?lang=es&amp;locale=es&amp;idioma=es&amp;uid=u_6126dbcd_126306f5786__7fca\" target=\"_blank\" rel=\"noreferrer noopener\">Haz clic aqu\u00ed para ver otras opciones de alojamiento<\/a><\/p>\n\n\n\n<p class=\"has-text-align-left has-vivid-cyan-blue-color has-text-color has-link-color wp-elements-5772a912e64441a851486af04a09c259\" style=\"text-decoration:underline\"><a href=\"https:\/\/www.nekatur.net\/\" target=\"_blank\" rel=\"noreferrer noopener\">Haz clic aqu\u00ed para descubrir a\u00fan m\u00e1s opciones de alojamiento<\/a><\/p>\n\n\n\n<p><\/p>\n","protected":false},"excerpt":{"rendered":"<p>\u00a1Bienvenidos a Vitoria-Gasteiz! Mientras os prepar\u00e1is para el Campeonato Mundial FCI &#8211; IGP 2025, entendemos que encontrar un alojamiento c\u00f3modo y conveniente es una prioridad. Vitoria-Gasteiz ofrece una amplia gama de opciones para satisfacer todas las necesidades y presupuestos, desde encantadores hoteles boutique en el casco antiguo hasta modernos establecimientos con todas las comodidades. Os [&hellip;]<\/p>\n","protected":false},"author":1,"featured_media":303,"parent":0,"menu_order":0,"comment_status":"closed","ping_status":"closed","template":"","meta":{"footnotes":""},"class_list":["post-857","page","type-page","status-publish","hentry"],"_links":{"self":[{"href":"https:\/\/www.fciigp2025.com\/index.php?rest_route=\/wp\/v2\/pages\/857","targetHints":{"allow":["GET"]}}],"collection":[{"href":"https:\/\/www.fciigp2025.com\/index.php?rest_route=\/wp\/v2\/pages"}],"about":[{"href":"https:\/\/www.fciigp2025.com\/index.php?rest_route=\/wp\/v2\/types\/page"}],"author":[{"embeddable":true,"href":"https:\/\/www.fciigp2025.com\/index.php?rest_route=\/wp\/v2\/users\/1"}],"replies":[{"embeddable":true,"href":"https:\/\/www.fciigp2025.com\/index.php?rest_route=%2Fwp%2Fv2%2Fcomments&post=857"}],"version-history":[{"count":5,"href":"https:\/\/www.fciigp2025.com\/index.php?rest_route=\/wp\/v2\/pages\/857\/revisions"}],"predecessor-version":[{"id":909,"href":"https:\/\/www.fciigp2025.com\/index.php?rest_route=\/wp\/v2\/pages\/857\/revisions\/909"}],"wp:featuredmedia":[{"embeddable":true,"href":"https:\/\/www.fciigp2025.com\/index.php?rest_route=\/wp\/v2\/media\/303"}],"wp:attachment":[{"href":"https:\/\/www.fciigp2025.com\/index.php?rest_route=%2Fwp%2Fv2%2Fmedia&parent=857"}],"curies":[{"name":"wp","href":"https:\/\/api.w.org\/{rel}","templated":true}]}}