{"id":97,"date":"2024-11-21T20:04:33","date_gmt":"2024-11-21T20:04:33","guid":{"rendered":"https:\/\/www.fciigp2025.com\/?page_id=97"},"modified":"2025-09-06T12:49:26","modified_gmt":"2025-09-06T12:49:26","slug":"tracking","status":"publish","type":"page","link":"https:\/\/www.fciigp2025.com\/?page_id=97","title":{"rendered":"Tracking"},"content":{"rendered":"\n<h4 class=\"wp-block-heading has-text-align-center has-large-font-size\">Tracking team<\/h4>\n\n\n\n<div class=\"wp-block-columns is-layout-flex wp-container-core-columns-is-layout-9d6595d7 wp-block-columns-is-layout-flex\">\n<div class=\"wp-block-column is-layout-flow wp-block-column-is-layout-flow\">\n<figure class=\"wp-block-image size-full is-style-rounded\"><img loading=\"lazy\" decoding=\"async\" width=\"370\" height=\"446\" src=\"https:\/\/www.fciigp2025.com\/wp-content\/uploads\/2025\/08\/Agustin-Gonzalez-Zapico-Gutty.jpeg\" alt=\"\" class=\"wp-image-1015\" style=\"aspect-ratio:1;object-fit:cover\" srcset=\"https:\/\/www.fciigp2025.com\/wp-content\/uploads\/2025\/08\/Agustin-Gonzalez-Zapico-Gutty.jpeg 370w, https:\/\/www.fciigp2025.com\/wp-content\/uploads\/2025\/08\/Agustin-Gonzalez-Zapico-Gutty-249x300.jpeg 249w\" sizes=\"auto, (max-width: 370px) 100vw, 370px\" \/><\/figure>\n\n\n\n<p class=\"has-text-align-center\"><strong>Agust\u00edn Gonz\u00e1lez (Gutty)<\/strong><\/p>\n\n\n\n<p class=\"has-text-align-center\">Head of tracking team<\/p>\n<\/div>\n\n\n\n<div class=\"wp-block-column is-layout-flow wp-block-column-is-layout-flow\">\n<figure class=\"wp-block-image size-large is-style-rounded\"><img loading=\"lazy\" decoding=\"async\" width=\"1024\" height=\"1024\" src=\"https:\/\/www.fciigp2025.com\/wp-content\/uploads\/2025\/08\/Javier-Candela-1024x1024.jpeg\" alt=\"\" class=\"wp-image-1016\" style=\"aspect-ratio:1;object-fit:cover\" srcset=\"https:\/\/www.fciigp2025.com\/wp-content\/uploads\/2025\/08\/Javier-Candela-1024x1024.jpeg 1024w, https:\/\/www.fciigp2025.com\/wp-content\/uploads\/2025\/08\/Javier-Candela-300x300.jpeg 300w, https:\/\/www.fciigp2025.com\/wp-content\/uploads\/2025\/08\/Javier-Candela-150x150.jpeg 150w, https:\/\/www.fciigp2025.com\/wp-content\/uploads\/2025\/08\/Javier-Candela-768x768.jpeg 768w, https:\/\/www.fciigp2025.com\/wp-content\/uploads\/2025\/08\/Javier-Candela.jpeg 1318w\" sizes=\"auto, (max-width: 1024px) 100vw, 1024px\" \/><\/figure>\n\n\n\n<p class=\"has-text-align-center\"><strong>Javier Candela<\/strong><\/p>\n<\/div>\n\n\n\n<div class=\"wp-block-column is-layout-flow wp-block-column-is-layout-flow\">\n<figure class=\"wp-block-image size-large is-style-rounded\"><img loading=\"lazy\" decoding=\"async\" width=\"1024\" height=\"865\" src=\"https:\/\/www.fciigp2025.com\/wp-content\/uploads\/2025\/08\/Sergiu-Claudiu-1024x865.jpeg\" alt=\"\" class=\"wp-image-1017\" style=\"aspect-ratio:1;object-fit:cover\" srcset=\"https:\/\/www.fciigp2025.com\/wp-content\/uploads\/2025\/08\/Sergiu-Claudiu-1024x865.jpeg 1024w, https:\/\/www.fciigp2025.com\/wp-content\/uploads\/2025\/08\/Sergiu-Claudiu-300x253.jpeg 300w, https:\/\/www.fciigp2025.com\/wp-content\/uploads\/2025\/08\/Sergiu-Claudiu-768x648.jpeg 768w, https:\/\/www.fciigp2025.com\/wp-content\/uploads\/2025\/08\/Sergiu-Claudiu-1536x1297.jpeg 1536w, https:\/\/www.fciigp2025.com\/wp-content\/uploads\/2025\/08\/Sergiu-Claudiu.jpeg 1600w\" sizes=\"auto, (max-width: 1024px) 100vw, 1024px\" \/><\/figure>\n\n\n\n<p class=\"has-text-align-center\"><strong>Sergiu Claudiu<\/strong><\/p>\n<\/div>\n<\/div>\n\n\n\n<div class=\"wp-block-columns is-layout-flex wp-container-core-columns-is-layout-9d6595d7 wp-block-columns-is-layout-flex\">\n<div class=\"wp-block-column is-layout-flow wp-block-column-is-layout-flow\">\n<figure class=\"wp-block-image size-large is-style-rounded\"><img loading=\"lazy\" decoding=\"async\" width=\"1200\" height=\"1200\" src=\"https:\/\/www.fciigp2025.com\/wp-content\/uploads\/2025\/08\/Aejandro-Garcia-edited.jpeg\" alt=\"\" class=\"wp-image-1019\" style=\"aspect-ratio:1;object-fit:cover\" srcset=\"https:\/\/www.fciigp2025.com\/wp-content\/uploads\/2025\/08\/Aejandro-Garcia-edited.jpeg 1200w, https:\/\/www.fciigp2025.com\/wp-content\/uploads\/2025\/08\/Aejandro-Garcia-edited-300x300.jpeg 300w, https:\/\/www.fciigp2025.com\/wp-content\/uploads\/2025\/08\/Aejandro-Garcia-edited-1024x1024.jpeg 1024w, https:\/\/www.fciigp2025.com\/wp-content\/uploads\/2025\/08\/Aejandro-Garcia-edited-150x150.jpeg 150w, https:\/\/www.fciigp2025.com\/wp-content\/uploads\/2025\/08\/Aejandro-Garcia-edited-768x768.jpeg 768w\" sizes=\"auto, (max-width: 1200px) 100vw, 1200px\" \/><\/figure>\n\n\n\n<p class=\"has-text-align-center\"><strong>Alejandro Garc\u00eda<\/strong><\/p>\n<\/div>\n\n\n\n<div class=\"wp-block-column is-layout-flow wp-block-column-is-layout-flow\">\n<figure class=\"wp-block-image size-full is-style-rounded\"><img loading=\"lazy\" decoding=\"async\" width=\"828\" height=\"960\" src=\"https:\/\/www.fciigp2025.com\/wp-content\/uploads\/2025\/08\/Jose-Ignacio-Justicia.jpeg\" alt=\"\" class=\"wp-image-1020\" style=\"aspect-ratio:1;object-fit:cover\" srcset=\"https:\/\/www.fciigp2025.com\/wp-content\/uploads\/2025\/08\/Jose-Ignacio-Justicia.jpeg 828w, https:\/\/www.fciigp2025.com\/wp-content\/uploads\/2025\/08\/Jose-Ignacio-Justicia-259x300.jpeg 259w, https:\/\/www.fciigp2025.com\/wp-content\/uploads\/2025\/08\/Jose-Ignacio-Justicia-768x890.jpeg 768w\" sizes=\"auto, (max-width: 828px) 100vw, 828px\" \/><\/figure>\n\n\n\n<p class=\"has-text-align-center\"><strong>Jos\u00e9 Ignacio Justicia<\/strong><\/p>\n<\/div>\n\n\n\n<div class=\"wp-block-column is-layout-flow wp-block-column-is-layout-flow\">\n<figure class=\"wp-block-image size-large is-style-rounded\"><img loading=\"lazy\" decoding=\"async\" width=\"720\" height=\"720\" src=\"https:\/\/www.fciigp2025.com\/wp-content\/uploads\/2025\/08\/Mikel-Olano-edited.jpeg\" alt=\"\" class=\"wp-image-1022\" style=\"aspect-ratio:1;object-fit:cover\" srcset=\"https:\/\/www.fciigp2025.com\/wp-content\/uploads\/2025\/08\/Mikel-Olano-edited.jpeg 720w, https:\/\/www.fciigp2025.com\/wp-content\/uploads\/2025\/08\/Mikel-Olano-edited-300x300.jpeg 300w, https:\/\/www.fciigp2025.com\/wp-content\/uploads\/2025\/08\/Mikel-Olano-edited-150x150.jpeg 150w\" sizes=\"auto, (max-width: 720px) 100vw, 720px\" \/><\/figure>\n\n\n\n<p class=\"has-text-align-center\"><strong>Mikel Olano<\/strong><\/p>\n<\/div>\n<\/div>\n\n\n\n<div class=\"wp-block-columns is-layout-flex wp-container-core-columns-is-layout-9d6595d7 wp-block-columns-is-layout-flex\">\n<div class=\"wp-block-column is-layout-flow wp-block-column-is-layout-flow\">\n<figure class=\"wp-block-image size-large is-style-rounded\"><img loading=\"lazy\" decoding=\"async\" width=\"902\" height=\"902\" src=\"https:\/\/www.fciigp2025.com\/wp-content\/uploads\/2025\/08\/Moises-Palicio-edited.jpeg\" alt=\"\" class=\"wp-image-1024\" srcset=\"https:\/\/www.fciigp2025.com\/wp-content\/uploads\/2025\/08\/Moises-Palicio-edited.jpeg 902w, https:\/\/www.fciigp2025.com\/wp-content\/uploads\/2025\/08\/Moises-Palicio-edited-300x300.jpeg 300w, https:\/\/www.fciigp2025.com\/wp-content\/uploads\/2025\/08\/Moises-Palicio-edited-150x150.jpeg 150w, https:\/\/www.fciigp2025.com\/wp-content\/uploads\/2025\/08\/Moises-Palicio-edited-768x768.jpeg 768w\" sizes=\"auto, (max-width: 902px) 100vw, 902px\" \/><\/figure>\n\n\n\n<p class=\"has-text-align-center\"><strong>Moises Palicio<\/strong><\/p>\n<\/div>\n\n\n\n<div class=\"wp-block-column is-layout-flow wp-block-column-is-layout-flow\">\n<figure class=\"wp-block-image size-large is-style-rounded\"><img loading=\"lazy\" decoding=\"async\" width=\"720\" height=\"720\" src=\"https:\/\/www.fciigp2025.com\/wp-content\/uploads\/2025\/08\/Dean-Ruiz-edited.jpeg\" alt=\"\" class=\"wp-image-1026\" srcset=\"https:\/\/www.fciigp2025.com\/wp-content\/uploads\/2025\/08\/Dean-Ruiz-edited.jpeg 720w, https:\/\/www.fciigp2025.com\/wp-content\/uploads\/2025\/08\/Dean-Ruiz-edited-300x300.jpeg 300w, https:\/\/www.fciigp2025.com\/wp-content\/uploads\/2025\/08\/Dean-Ruiz-edited-150x150.jpeg 150w\" sizes=\"auto, (max-width: 720px) 100vw, 720px\" \/><\/figure>\n\n\n\n<p class=\"has-text-align-center\"><strong>Dean Ruiz<\/strong><\/p>\n<\/div>\n\n\n\n<div class=\"wp-block-column is-layout-flow wp-block-column-is-layout-flow\">\n<figure class=\"wp-block-image size-large is-style-rounded\"><img loading=\"lazy\" decoding=\"async\" width=\"1019\" height=\"1020\" src=\"https:\/\/www.fciigp2025.com\/wp-content\/uploads\/2025\/08\/Jose-Miguel-Sanchez-edited.jpeg\" alt=\"\" class=\"wp-image-1028\" srcset=\"https:\/\/www.fciigp2025.com\/wp-content\/uploads\/2025\/08\/Jose-Miguel-Sanchez-edited.jpeg 1019w, https:\/\/www.fciigp2025.com\/wp-content\/uploads\/2025\/08\/Jose-Miguel-Sanchez-edited-300x300.jpeg 300w, https:\/\/www.fciigp2025.com\/wp-content\/uploads\/2025\/08\/Jose-Miguel-Sanchez-edited-150x150.jpeg 150w, https:\/\/www.fciigp2025.com\/wp-content\/uploads\/2025\/08\/Jose-Miguel-Sanchez-edited-768x769.jpeg 768w\" sizes=\"auto, (max-width: 1019px) 100vw, 1019px\" \/><\/figure>\n\n\n\n<p class=\"has-text-align-center\"><strong>Jos\u00e9 Miguel S\u00e1nchez<\/strong><\/p>\n<\/div>\n<\/div>\n\n\n\n<div style=\"height:56px\" aria-hidden=\"true\" class=\"wp-block-spacer\"><\/div>\n\n\n\n<h4 class=\"wp-block-heading has-text-align-center has-large-font-size\">Tracking objects<\/h4>\n\n\n<div class=\"wp-block-image\">\n<figure class=\"aligncenter size-full\"><a href=\"https:\/\/www.reyerosportdog.com\/Juego-de-objetos-FCI-IGP-2025\" target=\"_blank\" rel=\" noreferrer noopener\"><img loading=\"lazy\" decoding=\"async\" width=\"724\" height=\"1024\" src=\"https:\/\/www.fciigp2025.com\/wp-content\/uploads\/2025\/05\/image.png\" alt=\"\" class=\"wp-image-664\" srcset=\"https:\/\/www.fciigp2025.com\/wp-content\/uploads\/2025\/05\/image.png 724w, https:\/\/www.fciigp2025.com\/wp-content\/uploads\/2025\/05\/image-212x300.png 212w\" sizes=\"auto, (max-width: 724px) 100vw, 724px\" \/><\/a><\/figure>\n<\/div>\n\n\n<div style=\"height:44px\" aria-hidden=\"true\" class=\"wp-block-spacer\"><\/div>\n\n\n\n<h4 class=\"wp-block-heading has-text-align-center has-vivid-cyan-blue-color has-text-color has-link-color wp-elements-76bdcc891fbde3aaac20d61996f2de48\"><a href=\"https:\/\/www.reyerosportdog.com\/Juego-de-objetos-FCI-IGP-2025\" target=\"_blank\" rel=\"noreferrer noopener\"><span style=\"text-decoration: underline;\">Click here to buy the objects from Reyero Sport Dog<\/span><\/a><\/h4>\n\n\n<div class=\"wp-block-image\">\n<figure class=\"aligncenter size-full is-resized\"><a href=\"https:\/\/www.reyerosportdog.com\/epages\/64189189.sf\/es_ES\/?ObjectPath=\/Shops\/64189189\/Products\/%22Bander%C3%ADn%20FCI%22\" target=\"_blank\" rel=\" noreferrer noopener\"><img loading=\"lazy\" decoding=\"async\" width=\"724\" height=\"1024\" src=\"https:\/\/www.fciigp2025.com\/wp-content\/uploads\/2025\/06\/image-2.png\" alt=\"\" class=\"wp-image-807\" style=\"width:417px;height:auto\" srcset=\"https:\/\/www.fciigp2025.com\/wp-content\/uploads\/2025\/06\/image-2.png 724w, https:\/\/www.fciigp2025.com\/wp-content\/uploads\/2025\/06\/image-2-212x300.png 212w\" sizes=\"auto, (max-width: 724px) 100vw, 724px\" \/><\/a><\/figure>\n<\/div>\n\n\n<h4 class=\"wp-block-heading has-text-align-center has-vivid-cyan-blue-color has-text-color has-link-color wp-elements-fb2865afde4bdce03fc7cd9befdfe979\"><a href=\"https:\/\/www.reyerosportdog.com\/epages\/64189189.sf\/es_ES\/?ObjectPath=\/Shops\/64189189\/Products\/%22Bander%C3%ADn%20FCI%22\" target=\"_blank\" rel=\"noreferrer noopener\"><span style=\"text-decoration: underline;\">Click here to buy the tracking flag<\/span><\/a><\/h4>\n\n\n\n<div style=\"height:50px\" aria-hidden=\"true\" class=\"wp-block-spacer\"><\/div>\n\n\n\n<h4 class=\"wp-block-heading has-text-align-center has-large-font-size\">Tracking fields<\/h4>\n\n\n\n<p class=\"has-text-align-center has-medium-font-size\">The tracking fields are made of tilled land and are 15 km away from the stadium.<\/p>\n\n\n\n<div style=\"height:21px\" aria-hidden=\"true\" class=\"wp-block-spacer\"><\/div>\n\n\n\n<p class=\"has-text-align-center has-medium-font-size\">Tracking fields in 2025\/09\/04:<\/p>\n\n\n\n<figure class=\"wp-block-gallery aligncenter has-nested-images columns-default is-cropped wp-block-gallery-1 is-layout-flex wp-block-gallery-is-layout-flex\">\n<figure class=\"wp-block-image size-large\"><img loading=\"lazy\" decoding=\"async\" width=\"1024\" height=\"768\" data-id=\"1425\" src=\"https:\/\/www.fciigp2025.com\/wp-content\/uploads\/2025\/09\/1000178753-1024x768.jpg\" alt=\"\" class=\"wp-image-1425\" srcset=\"https:\/\/www.fciigp2025.com\/wp-content\/uploads\/2025\/09\/1000178753-1024x768.jpg 1024w, https:\/\/www.fciigp2025.com\/wp-content\/uploads\/2025\/09\/1000178753-300x225.jpg 300w, https:\/\/www.fciigp2025.com\/wp-content\/uploads\/2025\/09\/1000178753-768x576.jpg 768w, https:\/\/www.fciigp2025.com\/wp-content\/uploads\/2025\/09\/1000178753-1536x1152.jpg 1536w, https:\/\/www.fciigp2025.com\/wp-content\/uploads\/2025\/09\/1000178753.jpg 1600w\" sizes=\"auto, (max-width: 1024px) 100vw, 1024px\" \/><\/figure>\n\n\n\n<figure class=\"wp-block-image size-large\"><img loading=\"lazy\" decoding=\"async\" width=\"1024\" height=\"723\" data-id=\"1426\" src=\"https:\/\/www.fciigp2025.com\/wp-content\/uploads\/2025\/09\/1000178761-1024x723.jpg\" alt=\"\" class=\"wp-image-1426\" srcset=\"https:\/\/www.fciigp2025.com\/wp-content\/uploads\/2025\/09\/1000178761-1024x723.jpg 1024w, https:\/\/www.fciigp2025.com\/wp-content\/uploads\/2025\/09\/1000178761-300x212.jpg 300w, https:\/\/www.fciigp2025.com\/wp-content\/uploads\/2025\/09\/1000178761-768x542.jpg 768w, https:\/\/www.fciigp2025.com\/wp-content\/uploads\/2025\/09\/1000178761-1536x1085.jpg 1536w, https:\/\/www.fciigp2025.com\/wp-content\/uploads\/2025\/09\/1000178761.jpg 1600w\" sizes=\"auto, (max-width: 1024px) 100vw, 1024px\" \/><\/figure>\n\n\n\n<figure class=\"wp-block-image size-large\"><img loading=\"lazy\" decoding=\"async\" width=\"1024\" height=\"768\" data-id=\"1427\" src=\"https:\/\/www.fciigp2025.com\/wp-content\/uploads\/2025\/09\/1000178756-1024x768.jpg\" alt=\"\" class=\"wp-image-1427\" srcset=\"https:\/\/www.fciigp2025.com\/wp-content\/uploads\/2025\/09\/1000178756-1024x768.jpg 1024w, https:\/\/www.fciigp2025.com\/wp-content\/uploads\/2025\/09\/1000178756-300x225.jpg 300w, https:\/\/www.fciigp2025.com\/wp-content\/uploads\/2025\/09\/1000178756-768x576.jpg 768w, https:\/\/www.fciigp2025.com\/wp-content\/uploads\/2025\/09\/1000178756-1536x1152.jpg 1536w, https:\/\/www.fciigp2025.com\/wp-content\/uploads\/2025\/09\/1000178756.jpg 1600w\" sizes=\"auto, (max-width: 1024px) 100vw, 1024px\" \/><\/figure>\n\n\n\n<figure class=\"wp-block-image size-large\"><img loading=\"lazy\" decoding=\"async\" width=\"1024\" height=\"768\" data-id=\"1428\" src=\"https:\/\/www.fciigp2025.com\/wp-content\/uploads\/2025\/09\/1000178758-1024x768.jpg\" alt=\"\" class=\"wp-image-1428\" srcset=\"https:\/\/www.fciigp2025.com\/wp-content\/uploads\/2025\/09\/1000178758-1024x768.jpg 1024w, https:\/\/www.fciigp2025.com\/wp-content\/uploads\/2025\/09\/1000178758-300x225.jpg 300w, https:\/\/www.fciigp2025.com\/wp-content\/uploads\/2025\/09\/1000178758-768x576.jpg 768w, https:\/\/www.fciigp2025.com\/wp-content\/uploads\/2025\/09\/1000178758-1536x1152.jpg 1536w, https:\/\/www.fciigp2025.com\/wp-content\/uploads\/2025\/09\/1000178758.jpg 1600w\" sizes=\"auto, (max-width: 1024px) 100vw, 1024px\" \/><\/figure>\n<\/figure>\n","protected":false},"excerpt":{"rendered":"<p>Tracking team Agust\u00edn Gonz\u00e1lez (Gutty) Head of tracking team Javier Candela Sergiu Claudiu Alejandro Garc\u00eda Jos\u00e9 Ignacio Justicia Mikel Olano Moises Palicio Dean Ruiz Jos\u00e9 Miguel S\u00e1nchez Tracking objects Click here to buy the objects from Reyero Sport Dog Click here to buy the tracking flag Tracking fields The tracking fields are made of tilled [&hellip;]<\/p>\n","protected":false},"author":1,"featured_media":240,"parent":0,"menu_order":0,"comment_status":"closed","ping_status":"closed","template":"","meta":{"footnotes":""},"class_list":["post-97","page","type-page","status-publish","hentry"],"_links":{"self":[{"href":"https:\/\/www.fciigp2025.com\/index.php?rest_route=\/wp\/v2\/pages\/97","targetHints":{"allow":["GET"]}}],"collection":[{"href":"https:\/\/www.fciigp2025.com\/index.php?rest_route=\/wp\/v2\/pages"}],"about":[{"href":"https:\/\/www.fciigp2025.com\/index.php?rest_route=\/wp\/v2\/types\/page"}],"author":[{"embeddable":true,"href":"https:\/\/www.fciigp2025.com\/index.php?rest_route=\/wp\/v2\/users\/1"}],"replies":[{"embeddable":true,"href":"https:\/\/www.fciigp2025.com\/index.php?rest_route=%2Fwp%2Fv2%2Fcomments&post=97"}],"version-history":[{"count":29,"href":"https:\/\/www.fciigp2025.com\/index.php?rest_route=\/wp\/v2\/pages\/97\/revisions"}],"predecessor-version":[{"id":1432,"href":"https:\/\/www.fciigp2025.com\/index.php?rest_route=\/wp\/v2\/pages\/97\/revisions\/1432"}],"wp:featuredmedia":[{"embeddable":true,"href":"https:\/\/www.fciigp2025.com\/index.php?rest_route=\/wp\/v2\/media\/240"}],"wp:attachment":[{"href":"https:\/\/www.fciigp2025.com\/index.php?rest_route=%2Fwp%2Fv2%2Fmedia&parent=97"}],"curies":[{"name":"wp","href":"https:\/\/api.w.org\/{rel}","templated":true}]}}