{"id":975,"date":"2025-08-04T19:21:16","date_gmt":"2025-08-04T19:21:16","guid":{"rendered":"https:\/\/www.fciigp2025.com\/?page_id=975"},"modified":"2025-08-04T20:43:31","modified_gmt":"2025-08-04T20:43:31","slug":"veterinaria","status":"publish","type":"page","link":"https:\/\/www.fciigp2025.com\/?page_id=975&lang=es","title":{"rendered":"Veterinaria"},"content":{"rendered":"\n<p>Para el bienestar y seguridad de todos los animales, es obligatorio cumplir con los siguientes requisitos:<\/p>\n\n\n\n<ul class=\"wp-block-list\">\n<li><strong>Vacuna antirr\u00e1bica:<\/strong> debe estar al d\u00eda, con una antig\u00fcedad m\u00ednima de 21 d\u00edas y m\u00e1xima de 365 d\u00edas.<\/li>\n\n\n\n<li><strong>Vacuna pentavalente (moquillo canino, hepatitis, parainfluenza, laringotraque\u00edtis, parvovirus):<\/strong> debe estar al d\u00eda, con una antig\u00fcedad m\u00ednima de 21 d\u00edas y m\u00e1xima de 365 d\u00edas.<\/li>\n\n\n\n<li><strong>Desparasitaci\u00f3n interna:<\/strong> realizada entre 0 y 30 d\u00edas antes de la entrada.<\/li>\n\n\n\n<li><strong>Desparasitaci\u00f3n externa:<\/strong> realizada entre 0 y 30 d\u00edas antes de la entrada.<\/li>\n\n\n\n<li><strong>Certificado veterinario:<\/strong> documento que acredite el cumplimiento de los puntos anteriores. Puedes descargar el modelo del documento <a style=\"text-decoration:underline\" class=\"has-vivid-cyan-blue-color has-text-color has-link-color\" href=\"https:\/\/www.fciigp2025.com\/wp-content\/uploads\/2025\/08\/Veterinary-Certificate.pdf\" data-type=\"attachment\" data-id=\"982\" target=\"_blank\" rel=\"noreferrer noopener\">haciendo clic aqu\u00ed<\/a>. Debes entregar el documento cumplimentado en el punto de control veterinario y entrega de documentaci\u00f3n.<\/li>\n<\/ul>\n\n\n\n<p><strong>Recomendaci\u00f3n especial:<\/strong> Aunque el Pa\u00eds Vasco no es una zona de alto riesgo end\u00e9mico de Leishmaniasis, recomendamos proteger a los perros frente a la picadura de los mosquitos fleb\u00f3tomos.<\/p>\n\n\n\n<p><strong>Importante:<\/strong> Seg\u00fan la Ley 7\/2023, de 28 de marzo, de protecci\u00f3n de los derechos y el bienestar de los animales, todos los collares deben llevar un &#8220;Stop&#8221; (dispositivo de seguridad o cierre que evite la asfixia del animal).<\/p>\n\n\n<div class=\"wp-block-image\">\n<figure class=\"aligncenter size-large\"><img loading=\"lazy\" decoding=\"async\" width=\"1024\" height=\"522\" src=\"https:\/\/www.fciigp2025.com\/wp-content\/uploads\/2025\/08\/image-1024x522.png\" alt=\"\" class=\"wp-image-973\" srcset=\"https:\/\/www.fciigp2025.com\/wp-content\/uploads\/2025\/08\/image-1024x522.png 1024w, https:\/\/www.fciigp2025.com\/wp-content\/uploads\/2025\/08\/image-300x153.png 300w, https:\/\/www.fciigp2025.com\/wp-content\/uploads\/2025\/08\/image-768x391.png 768w, https:\/\/www.fciigp2025.com\/wp-content\/uploads\/2025\/08\/image-1536x783.png 1536w, https:\/\/www.fciigp2025.com\/wp-content\/uploads\/2025\/08\/image.png 1686w\" sizes=\"auto, (max-width: 1024px) 100vw, 1024px\" \/><\/figure>\n<\/div>","protected":false},"excerpt":{"rendered":"<p>Para el bienestar y seguridad de todos los animales, es obligatorio cumplir con los siguientes requisitos: Recomendaci\u00f3n especial: Aunque el Pa\u00eds Vasco no es una zona de alto riesgo end\u00e9mico de Leishmaniasis, recomendamos proteger a los perros frente a la picadura de los mosquitos fleb\u00f3tomos. Importante: Seg\u00fan la Ley 7\/2023, de 28 de marzo, de [&hellip;]<\/p>\n","protected":false},"author":1,"featured_media":240,"parent":0,"menu_order":0,"comment_status":"closed","ping_status":"closed","template":"","meta":{"footnotes":""},"class_list":["post-975","page","type-page","status-publish","hentry"],"_links":{"self":[{"href":"https:\/\/www.fciigp2025.com\/index.php?rest_route=\/wp\/v2\/pages\/975","targetHints":{"allow":["GET"]}}],"collection":[{"href":"https:\/\/www.fciigp2025.com\/index.php?rest_route=\/wp\/v2\/pages"}],"about":[{"href":"https:\/\/www.fciigp2025.com\/index.php?rest_route=\/wp\/v2\/types\/page"}],"author":[{"embeddable":true,"href":"https:\/\/www.fciigp2025.com\/index.php?rest_route=\/wp\/v2\/users\/1"}],"replies":[{"embeddable":true,"href":"https:\/\/www.fciigp2025.com\/index.php?rest_route=%2Fwp%2Fv2%2Fcomments&post=975"}],"version-history":[{"count":8,"href":"https:\/\/www.fciigp2025.com\/index.php?rest_route=\/wp\/v2\/pages\/975\/revisions"}],"predecessor-version":[{"id":1011,"href":"https:\/\/www.fciigp2025.com\/index.php?rest_route=\/wp\/v2\/pages\/975\/revisions\/1011"}],"wp:featuredmedia":[{"embeddable":true,"href":"https:\/\/www.fciigp2025.com\/index.php?rest_route=\/wp\/v2\/media\/240"}],"wp:attachment":[{"href":"https:\/\/www.fciigp2025.com\/index.php?rest_route=%2Fwp%2Fv2%2Fmedia&parent=975"}],"curies":[{"name":"wp","href":"https:\/\/api.w.org\/{rel}","templated":true}]}}